{"id":4690,"date":"2025-06-29T12:43:10","date_gmt":"2025-06-29T10:43:10","guid":{"rendered":"https:\/\/plangry.com\/index.php\/produkt\/pokemon-tcg-prismatic-evolutions-booster-bundle\/"},"modified":"2025-07-20T23:26:20","modified_gmt":"2025-07-20T21:26:20","slug":"pokemon-tcg-prismatic-evolutions-booster-bundle","status":"publish","type":"product","link":"https:\/\/plangry.com\/index.php\/produkt\/pokemon-tcg-prismatic-evolutions-booster-bundle\/","title":{"rendered":"Pok\u00e9mon TCG: Prismatic Evolutions &#8211; Booster Bundle"},"content":{"rendered":"<section class=\"section\">\n<div class=\"item item-6\">\n<section class=\"image-item\"><img decoding=\"async\" src=\"https:\/\/upload.cdn.baselinker.com\/products\/4033796\/4c6698a8628f4a892a98d14a12c759be.jpg\" \/><\/section>\n<\/p><\/div>\n<div class=\"item item-6\">\n<section class=\"text-item\">\n<p>Odkryj nowe mo\u017cliwo\u015bci w&nbsp;<b>Pok\u00e9mon TCG<\/b>&nbsp;z dodatkiem&nbsp;<b>Prismatic Evolutions<\/b>! Ten specjalny zestaw wprowadzi rewolucj\u0119 w Twojej grze dzi\u0119ki ekscytuj\u0105cym nowym kartom i doda blasku do ka\u017cdej Twojej rozgrywki. Ka\u017cdy Booster Pack zawiera wyj\u0105tkowe, po\u0142yskuj\u0105ce karty, kt\u00f3re nie tylko ol\u015bniewaj\u0105 swoim wygl\u0105dem, ale r\u00f3wnie\u017c oferuj\u0105 nowe kombinacje i taktyki, pozwalaj\u0105c na jeszcze bardziej dynamiczn\u0105 i zaskakuj\u0105c\u0105 rozgrywk\u0119.<\/p>\n<p><b>Prismatic Evolutions<\/b>&nbsp;to idealne rozszerzenie zar\u00f3wno dla weteran\u00f3w serii, jak i tych, kt\u00f3rzy dopiero rozpoczynaj\u0105 swoj\u0105 przygod\u0119 w \u015bwiecie Pok\u00e9mon. Rozszerzenie dostarcza mn\u00f3stwo nowych, pot\u0119\u017cnych kart, kt\u00f3re z pewno\u015bci\u0105 wzbogac\u0105 ka\u017cd\u0105 kolekcj\u0119 oraz rozgrywk\u0119.<\/p>\n<p>W&nbsp;<b>Prismatic Evolutions<\/b>, mi\u0142o\u015bnicy Eevee i jego o\u015bmiu ewolucji znajd\u0105 co\u015b dla siebie, gdy\u017c wszystkie te formy s\u0105 dost\u0119pne jako ol\u015bniewaj\u0105ce Pok\u00e9mon ex typu Stellar Tera. Rozszerzenie to tak\u017ce kopalnia rzadkich kart z unikatowymi, osza\u0142amiaj\u0105cymi ilustracjami, kt\u00f3re podkre\u015blaj\u0105 pi\u0119kno \u015bwiata Pok\u00e9mon.<\/p>\n<p><b>Zawarto\u015b\u0107:<\/b><\/p>\n<ul>\n<li>6x Pok\u00e9mon TCG: Scarlet &amp; Violet &#8211; Prismatic Evolutions &#8211; Booster Pack<\/li>\n<\/ul>\n<\/section><\/div>\n<\/section>\n","protected":false},"excerpt":{"rendered":"<p>Odkryj nowe mo\u017cliwo\u015bci w&nbsp;Pok\u00e9mon TCG&nbsp;z dodatkiem&nbsp;Prismatic Evolutions! Ten specjalny zestaw wprowadzi rewolucj\u0119 w Twojej grze dzi\u0119ki ekscytuj\u0105cym nowym kartom i doda blasku do ka\u017cdej Twojej rozgrywki. Ka\u017cdy Booster Pack zawiera wyj\u0105tkowe, po\u0142yskuj\u0105ce karty, kt\u00f3re nie tylko ol\u015bniewaj\u0105 swoim wygl\u0105dem, ale r\u00f3wnie\u017c oferuj\u0105 nowe kombinacje i taktyki, pozwalaj\u0105c na jeszcze bardziej dynamiczn\u0105 i zaskakuj\u0105c\u0105 rozgrywk\u0119. Prismatic [&hellip;]<\/p>\n","protected":false},"featured_media":4688,"comment_status":"open","ping_status":"closed","template":"","meta":{"_uag_custom_page_level_css":"","site-sidebar-layout":"default","site-content-layout":"","ast-site-content-layout":"default","site-content-style":"default","site-sidebar-style":"default","ast-global-header-display":"","ast-banner-title-visibility":"","ast-main-header-display":"","ast-hfb-above-header-display":"","ast-hfb-below-header-display":"","ast-hfb-mobile-header-display":"","site-post-title":"","ast-breadcrumbs-content":"","ast-featured-img":"","footer-sml-layout":"","ast-disable-related-posts":"","theme-transparent-header-meta":"","adv-header-id-meta":"","stick-header-meta":"","header-above-stick-meta":"","header-main-stick-meta":"","header-below-stick-meta":"","astra-migrate-meta-layouts":"default","ast-page-background-enabled":"default","ast-page-background-meta":{"desktop":{"background-color":"","background-image":"","background-repeat":"repeat","background-position":"center center","background-size":"auto","background-attachment":"scroll","background-type":"","background-media":"","overlay-type":"","overlay-color":"","overlay-opacity":"","overlay-gradient":""},"tablet":{"background-color":"","background-image":"","background-repeat":"repeat","background-position":"center center","background-size":"auto","background-attachment":"scroll","background-type":"","background-media":"","overlay-type":"","overlay-color":"","overlay-opacity":"","overlay-gradient":""},"mobile":{"background-color":"","background-image":"","background-repeat":"repeat","background-position":"center center","background-size":"auto","background-attachment":"scroll","background-type":"","background-media":"","overlay-type":"","overlay-color":"","overlay-opacity":"","overlay-gradient":""}},"ast-content-background-meta":{"desktop":{"background-color":"var(--ast-global-color-5)","background-image":"","background-repeat":"repeat","background-position":"center center","background-size":"auto","background-attachment":"scroll","background-type":"","background-media":"","overlay-type":"","overlay-color":"","overlay-opacity":"","overlay-gradient":""},"tablet":{"background-color":"var(--ast-global-color-5)","background-image":"","background-repeat":"repeat","background-position":"center center","background-size":"auto","background-attachment":"scroll","background-type":"","background-media":"","overlay-type":"","overlay-color":"","overlay-opacity":"","overlay-gradient":""},"mobile":{"background-color":"var(--ast-global-color-5)","background-image":"","background-repeat":"repeat","background-position":"center center","background-size":"auto","background-attachment":"scroll","background-type":"","background-media":"","overlay-type":"","overlay-color":"","overlay-opacity":"","overlay-gradient":""}}},"product_brand":[],"product_cat":[19],"product_tag":[],"class_list":{"0":"post-4690","1":"product","2":"type-product","3":"status-publish","4":"has-post-thumbnail","6":"product_cat-pokemon-tcg","7":"desktop-align-center","8":"tablet-align-left","9":"mobile-align-left","11":"first","12":"outofstock","13":"taxable","14":"shipping-taxable","15":"purchasable","16":"product-type-simple"},"yoast_head":"<!-- This site is optimized with the Yoast SEO plugin v27.2 - https:\/\/yoast.com\/product\/yoast-seo-wordpress\/ -->\n<title>Pok\u00e9mon TCG: Prismatic Evolutions - Booster Bundle &#187; %<\/title>\n<meta name=\"robots\" content=\"index, follow, max-snippet:-1, max-image-preview:large, max-video-preview:-1\" \/>\n<link rel=\"canonical\" href=\"https:\/\/plangry.com\/index.php\/produkt\/pokemon-tcg-prismatic-evolutions-booster-bundle\/\" \/>\n<meta property=\"og:locale\" content=\"pl_PL\" \/>\n<meta property=\"og:type\" content=\"article\" \/>\n<meta property=\"og:title\" content=\"Pok\u00e9mon TCG: Prismatic Evolutions - Booster Bundle &#187; %\" \/>\n<meta property=\"og:description\" content=\"Odkryj nowe mo\u017cliwo\u015bci w&nbsp;Pok\u00e9mon TCG&nbsp;z dodatkiem&nbsp;Prismatic Evolutions! Ten specjalny zestaw wprowadzi rewolucj\u0119 w Twojej grze dzi\u0119ki ekscytuj\u0105cym nowym kartom i doda blasku do ka\u017cdej Twojej rozgrywki. Ka\u017cdy Booster Pack zawiera wyj\u0105tkowe, po\u0142yskuj\u0105ce karty, kt\u00f3re nie tylko ol\u015bniewaj\u0105 swoim wygl\u0105dem, ale r\u00f3wnie\u017c oferuj\u0105 nowe kombinacje i taktyki, pozwalaj\u0105c na jeszcze bardziej dynamiczn\u0105 i zaskakuj\u0105c\u0105 rozgrywk\u0119. Prismatic [&hellip;]\" \/>\n<meta property=\"og:url\" content=\"https:\/\/plangry.com\/index.php\/produkt\/pokemon-tcg-prismatic-evolutions-booster-bundle\/\" \/>\n<meta property=\"article:publisher\" content=\"https:\/\/www.facebook.com\/profile.php?id=100092112963704\" \/>\n<meta property=\"article:modified_time\" content=\"2025-07-20T21:26:20+00:00\" \/>\n<meta property=\"og:image\" content=\"https:\/\/upload.cdn.baselinker.com\/products\/4033796\/4c6698a8628f4a892a98d14a12c759be.jpg\" \/>\n<meta name=\"twitter:card\" content=\"summary_large_image\" \/>\n<meta name=\"twitter:site\" content=\"@plan_gry\" \/>\n<meta name=\"twitter:label1\" content=\"Szacowany czas czytania\" \/>\n\t<meta name=\"twitter:data1\" content=\"1 minuta\" \/>\n<script type=\"application\/ld+json\" class=\"yoast-schema-graph\">{\"@context\":\"https:\/\/schema.org\",\"@graph\":[{\"@type\":\"WebPage\",\"@id\":\"https:\/\/plangry.com\/index.php\/produkt\/pokemon-tcg-prismatic-evolutions-booster-bundle\/\",\"url\":\"https:\/\/plangry.com\/index.php\/produkt\/pokemon-tcg-prismatic-evolutions-booster-bundle\/\",\"name\":\"Pok\u00e9mon TCG: Prismatic Evolutions - Booster Bundle &#187; %\",\"isPartOf\":{\"@id\":\"https:\/\/plangry.com\/#website\"},\"primaryImageOfPage\":{\"@id\":\"https:\/\/plangry.com\/index.php\/produkt\/pokemon-tcg-prismatic-evolutions-booster-bundle\/#primaryimage\"},\"image\":{\"@id\":\"https:\/\/plangry.com\/index.php\/produkt\/pokemon-tcg-prismatic-evolutions-booster-bundle\/#primaryimage\"},\"thumbnailUrl\":\"https:\/\/plangry.com\/wp-content\/uploads\/2025\/06\/4c6698a8628f4a892a98d14a12c759be.jpg\",\"datePublished\":\"2025-06-29T10:43:10+00:00\",\"dateModified\":\"2025-07-20T21:26:20+00:00\",\"breadcrumb\":{\"@id\":\"https:\/\/plangry.com\/index.php\/produkt\/pokemon-tcg-prismatic-evolutions-booster-bundle\/#breadcrumb\"},\"inLanguage\":\"pl-PL\",\"potentialAction\":[{\"@type\":\"ReadAction\",\"target\":[\"https:\/\/plangry.com\/index.php\/produkt\/pokemon-tcg-prismatic-evolutions-booster-bundle\/\"]}]},{\"@type\":\"ImageObject\",\"inLanguage\":\"pl-PL\",\"@id\":\"https:\/\/plangry.com\/index.php\/produkt\/pokemon-tcg-prismatic-evolutions-booster-bundle\/#primaryimage\",\"url\":\"https:\/\/plangry.com\/wp-content\/uploads\/2025\/06\/4c6698a8628f4a892a98d14a12c759be.jpg\",\"contentUrl\":\"https:\/\/plangry.com\/wp-content\/uploads\/2025\/06\/4c6698a8628f4a892a98d14a12c759be.jpg\",\"width\":761,\"height\":1024},{\"@type\":\"BreadcrumbList\",\"@id\":\"https:\/\/plangry.com\/index.php\/produkt\/pokemon-tcg-prismatic-evolutions-booster-bundle\/#breadcrumb\",\"itemListElement\":[{\"@type\":\"ListItem\",\"position\":1,\"name\":\"Strona g\u0142\u00f3wna\",\"item\":\"https:\/\/plangry.com\/\"},{\"@type\":\"ListItem\",\"position\":2,\"name\":\"Sklep\",\"item\":\"https:\/\/plangry.com\/index.php\/sklep\/\"},{\"@type\":\"ListItem\",\"position\":3,\"name\":\"Pok\u00e9mon TCG: Prismatic Evolutions &#8211; Booster Bundle\"}]},{\"@type\":\"WebSite\",\"@id\":\"https:\/\/plangry.com\/#website\",\"url\":\"https:\/\/plangry.com\/\",\"name\":\"Plan Gry\",\"description\":\"\",\"publisher\":{\"@id\":\"https:\/\/plangry.com\/#organization\"},\"alternateName\":\"Plan Gry\",\"potentialAction\":[{\"@type\":\"SearchAction\",\"target\":{\"@type\":\"EntryPoint\",\"urlTemplate\":\"https:\/\/plangry.com\/?s={search_term_string}\"},\"query-input\":{\"@type\":\"PropertyValueSpecification\",\"valueRequired\":true,\"valueName\":\"search_term_string\"}}],\"inLanguage\":\"pl-PL\"},{\"@type\":\"Organization\",\"@id\":\"https:\/\/plangry.com\/#organization\",\"name\":\"Plan Gry\",\"url\":\"https:\/\/plangry.com\/\",\"logo\":{\"@type\":\"ImageObject\",\"inLanguage\":\"pl-PL\",\"@id\":\"https:\/\/plangry.com\/#\/schema\/logo\/image\/\",\"url\":\"https:\/\/plangry.com\/wp-content\/uploads\/2023\/12\/cropped-White-SIgnature-Art-Studio-Logo-3-1.png\",\"contentUrl\":\"https:\/\/plangry.com\/wp-content\/uploads\/2023\/12\/cropped-White-SIgnature-Art-Studio-Logo-3-1.png\",\"width\":512,\"height\":512,\"caption\":\"Plan Gry\"},\"image\":{\"@id\":\"https:\/\/plangry.com\/#\/schema\/logo\/image\/\"},\"sameAs\":[\"https:\/\/www.facebook.com\/profile.php?id=100092112963704\",\"https:\/\/x.com\/plan_gry\",\"https:\/\/www.instagram.com\/plan_szowe_gry\/?igshid=ZDdkNTZiNTM\",\"https:\/\/www.tiktok.com\/@plan_gry?is_from_webapp=1&sender_device=pc\"]}]}<\/script>\n<!-- \/ Yoast SEO plugin. -->","yoast_head_json":{"title":"Pok\u00e9mon TCG: Prismatic Evolutions - Booster Bundle &#187; %","robots":{"index":"index","follow":"follow","max-snippet":"max-snippet:-1","max-image-preview":"max-image-preview:large","max-video-preview":"max-video-preview:-1"},"canonical":"https:\/\/plangry.com\/index.php\/produkt\/pokemon-tcg-prismatic-evolutions-booster-bundle\/","og_locale":"pl_PL","og_type":"article","og_title":"Pok\u00e9mon TCG: Prismatic Evolutions - Booster Bundle &#187; %","og_description":"Odkryj nowe mo\u017cliwo\u015bci w&nbsp;Pok\u00e9mon TCG&nbsp;z dodatkiem&nbsp;Prismatic Evolutions! Ten specjalny zestaw wprowadzi rewolucj\u0119 w Twojej grze dzi\u0119ki ekscytuj\u0105cym nowym kartom i doda blasku do ka\u017cdej Twojej rozgrywki. Ka\u017cdy Booster Pack zawiera wyj\u0105tkowe, po\u0142yskuj\u0105ce karty, kt\u00f3re nie tylko ol\u015bniewaj\u0105 swoim wygl\u0105dem, ale r\u00f3wnie\u017c oferuj\u0105 nowe kombinacje i taktyki, pozwalaj\u0105c na jeszcze bardziej dynamiczn\u0105 i zaskakuj\u0105c\u0105 rozgrywk\u0119. Prismatic [&hellip;]","og_url":"https:\/\/plangry.com\/index.php\/produkt\/pokemon-tcg-prismatic-evolutions-booster-bundle\/","article_publisher":"https:\/\/www.facebook.com\/profile.php?id=100092112963704","article_modified_time":"2025-07-20T21:26:20+00:00","og_image":[{"url":"https:\/\/upload.cdn.baselinker.com\/products\/4033796\/4c6698a8628f4a892a98d14a12c759be.jpg","type":"","width":"","height":""}],"twitter_card":"summary_large_image","twitter_site":"@plan_gry","twitter_misc":{"Szacowany czas czytania":"1 minuta"},"schema":{"@context":"https:\/\/schema.org","@graph":[{"@type":"WebPage","@id":"https:\/\/plangry.com\/index.php\/produkt\/pokemon-tcg-prismatic-evolutions-booster-bundle\/","url":"https:\/\/plangry.com\/index.php\/produkt\/pokemon-tcg-prismatic-evolutions-booster-bundle\/","name":"Pok\u00e9mon TCG: Prismatic Evolutions - Booster Bundle &#187; %","isPartOf":{"@id":"https:\/\/plangry.com\/#website"},"primaryImageOfPage":{"@id":"https:\/\/plangry.com\/index.php\/produkt\/pokemon-tcg-prismatic-evolutions-booster-bundle\/#primaryimage"},"image":{"@id":"https:\/\/plangry.com\/index.php\/produkt\/pokemon-tcg-prismatic-evolutions-booster-bundle\/#primaryimage"},"thumbnailUrl":"https:\/\/plangry.com\/wp-content\/uploads\/2025\/06\/4c6698a8628f4a892a98d14a12c759be.jpg","datePublished":"2025-06-29T10:43:10+00:00","dateModified":"2025-07-20T21:26:20+00:00","breadcrumb":{"@id":"https:\/\/plangry.com\/index.php\/produkt\/pokemon-tcg-prismatic-evolutions-booster-bundle\/#breadcrumb"},"inLanguage":"pl-PL","potentialAction":[{"@type":"ReadAction","target":["https:\/\/plangry.com\/index.php\/produkt\/pokemon-tcg-prismatic-evolutions-booster-bundle\/"]}]},{"@type":"ImageObject","inLanguage":"pl-PL","@id":"https:\/\/plangry.com\/index.php\/produkt\/pokemon-tcg-prismatic-evolutions-booster-bundle\/#primaryimage","url":"https:\/\/plangry.com\/wp-content\/uploads\/2025\/06\/4c6698a8628f4a892a98d14a12c759be.jpg","contentUrl":"https:\/\/plangry.com\/wp-content\/uploads\/2025\/06\/4c6698a8628f4a892a98d14a12c759be.jpg","width":761,"height":1024},{"@type":"BreadcrumbList","@id":"https:\/\/plangry.com\/index.php\/produkt\/pokemon-tcg-prismatic-evolutions-booster-bundle\/#breadcrumb","itemListElement":[{"@type":"ListItem","position":1,"name":"Strona g\u0142\u00f3wna","item":"https:\/\/plangry.com\/"},{"@type":"ListItem","position":2,"name":"Sklep","item":"https:\/\/plangry.com\/index.php\/sklep\/"},{"@type":"ListItem","position":3,"name":"Pok\u00e9mon TCG: Prismatic Evolutions &#8211; Booster Bundle"}]},{"@type":"WebSite","@id":"https:\/\/plangry.com\/#website","url":"https:\/\/plangry.com\/","name":"Plan Gry","description":"","publisher":{"@id":"https:\/\/plangry.com\/#organization"},"alternateName":"Plan Gry","potentialAction":[{"@type":"SearchAction","target":{"@type":"EntryPoint","urlTemplate":"https:\/\/plangry.com\/?s={search_term_string}"},"query-input":{"@type":"PropertyValueSpecification","valueRequired":true,"valueName":"search_term_string"}}],"inLanguage":"pl-PL"},{"@type":"Organization","@id":"https:\/\/plangry.com\/#organization","name":"Plan Gry","url":"https:\/\/plangry.com\/","logo":{"@type":"ImageObject","inLanguage":"pl-PL","@id":"https:\/\/plangry.com\/#\/schema\/logo\/image\/","url":"https:\/\/plangry.com\/wp-content\/uploads\/2023\/12\/cropped-White-SIgnature-Art-Studio-Logo-3-1.png","contentUrl":"https:\/\/plangry.com\/wp-content\/uploads\/2023\/12\/cropped-White-SIgnature-Art-Studio-Logo-3-1.png","width":512,"height":512,"caption":"Plan Gry"},"image":{"@id":"https:\/\/plangry.com\/#\/schema\/logo\/image\/"},"sameAs":["https:\/\/www.facebook.com\/profile.php?id=100092112963704","https:\/\/x.com\/plan_gry","https:\/\/www.instagram.com\/plan_szowe_gry\/?igshid=ZDdkNTZiNTM","https:\/\/www.tiktok.com\/@plan_gry?is_from_webapp=1&sender_device=pc"]}]}},"uagb_featured_image_src":{"full":["https:\/\/plangry.com\/wp-content\/uploads\/2025\/06\/4c6698a8628f4a892a98d14a12c759be.jpg",761,1024,false],"thumbnail":["https:\/\/plangry.com\/wp-content\/uploads\/2025\/06\/4c6698a8628f4a892a98d14a12c759be-300x300.jpg",300,300,true],"medium":["https:\/\/plangry.com\/wp-content\/uploads\/2025\/06\/4c6698a8628f4a892a98d14a12c759be-446x600.jpg",446,600,true],"medium_large":["https:\/\/plangry.com\/wp-content\/uploads\/2025\/06\/4c6698a8628f4a892a98d14a12c759be.jpg",761,1024,false],"large":["https:\/\/plangry.com\/wp-content\/uploads\/2025\/06\/4c6698a8628f4a892a98d14a12c759be.jpg",761,1024,false],"1536x1536":["https:\/\/plangry.com\/wp-content\/uploads\/2025\/06\/4c6698a8628f4a892a98d14a12c759be.jpg",761,1024,false],"2048x2048":["https:\/\/plangry.com\/wp-content\/uploads\/2025\/06\/4c6698a8628f4a892a98d14a12c759be.jpg",761,1024,false],"qode_essential_addons_image_size_square":["https:\/\/plangry.com\/wp-content\/uploads\/2025\/06\/4c6698a8628f4a892a98d14a12c759be-650x650.jpg",650,650,true],"qode_essential_addons_image_size_landscape":["https:\/\/plangry.com\/wp-content\/uploads\/2025\/06\/4c6698a8628f4a892a98d14a12c759be-761x650.jpg",761,650,true],"qode_essential_addons_image_size_portrait":["https:\/\/plangry.com\/wp-content\/uploads\/2025\/06\/4c6698a8628f4a892a98d14a12c759be-650x1024.jpg",650,1024,true],"qode_essential_addons_image_size_huge-square":["https:\/\/plangry.com\/wp-content\/uploads\/2025\/06\/4c6698a8628f4a892a98d14a12c759be.jpg",761,1024,false],"woocommerce_thumbnail":["https:\/\/plangry.com\/wp-content\/uploads\/2025\/06\/4c6698a8628f4a892a98d14a12c759be-600x600.jpg",600,600,true],"woocommerce_single":["https:\/\/plangry.com\/wp-content\/uploads\/2025\/06\/4c6698a8628f4a892a98d14a12c759be-600x807.jpg",600,807,true],"woocommerce_gallery_thumbnail":["https:\/\/plangry.com\/wp-content\/uploads\/2025\/06\/4c6698a8628f4a892a98d14a12c759be-100x100.jpg",100,100,true]},"uagb_author_info":{"display_name":"admin","author_link":"https:\/\/plangry.com\/index.php\/author\/"},"uagb_comment_info":0,"uagb_excerpt":"Odkryj nowe mo\u017cliwo\u015bci w&nbsp;Pok\u00e9mon TCG&nbsp;z dodatkiem&nbsp;Prismatic Evolutions! Ten specjalny zestaw wprowadzi rewolucj\u0119 w Twojej grze dzi\u0119ki ekscytuj\u0105cym nowym kartom i doda blasku do ka\u017cdej Twojej rozgrywki. Ka\u017cdy Booster Pack zawiera wyj\u0105tkowe, po\u0142yskuj\u0105ce karty, kt\u00f3re nie tylko ol\u015bniewaj\u0105 swoim wygl\u0105dem, ale r\u00f3wnie\u017c oferuj\u0105 nowe kombinacje i taktyki, pozwalaj\u0105c na jeszcze bardziej dynamiczn\u0105 i zaskakuj\u0105c\u0105 rozgrywk\u0119. Prismatic&hellip;","jetpack_sharing_enabled":true,"_links":{"self":[{"href":"https:\/\/plangry.com\/index.php\/wp-json\/wp\/v2\/product\/4690","targetHints":{"allow":["GET"]}}],"collection":[{"href":"https:\/\/plangry.com\/index.php\/wp-json\/wp\/v2\/product"}],"about":[{"href":"https:\/\/plangry.com\/index.php\/wp-json\/wp\/v2\/types\/product"}],"replies":[{"embeddable":true,"href":"https:\/\/plangry.com\/index.php\/wp-json\/wp\/v2\/comments?post=4690"}],"wp:featuredmedia":[{"embeddable":true,"href":"https:\/\/plangry.com\/index.php\/wp-json\/wp\/v2\/media\/4688"}],"wp:attachment":[{"href":"https:\/\/plangry.com\/index.php\/wp-json\/wp\/v2\/media?parent=4690"}],"wp:term":[{"taxonomy":"product_brand","embeddable":true,"href":"https:\/\/plangry.com\/index.php\/wp-json\/wp\/v2\/product_brand?post=4690"},{"taxonomy":"product_cat","embeddable":true,"href":"https:\/\/plangry.com\/index.php\/wp-json\/wp\/v2\/product_cat?post=4690"},{"taxonomy":"product_tag","embeddable":true,"href":"https:\/\/plangry.com\/index.php\/wp-json\/wp\/v2\/product_tag?post=4690"}],"curies":[{"name":"wp","href":"https:\/\/api.w.org\/{rel}","templated":true}]}}