{"id":4741,"date":"2026-03-22T13:05:16","date_gmt":"2026-03-22T12:05:16","guid":{"rendered":"https:\/\/plangry.com\/index.php\/produkt\/pokemon-tcg-mega-evolution-ascended-heroes-elite-trainer-box-etb-dragonite\/"},"modified":"2026-04-18T17:22:08","modified_gmt":"2026-04-18T15:22:08","slug":"pokemon-tcg-mega-evolution-ascended-heroes-elite-trainer-box-etb-dragonite","status":"publish","type":"product","link":"https:\/\/plangry.com\/index.php\/produkt\/pokemon-tcg-mega-evolution-ascended-heroes-elite-trainer-box-etb-dragonite\/","title":{"rendered":"Pokemon TCG: Mega Evolution Ascended Heroes Elite Trainer Box ETB Dragonite"},"content":{"rendered":"<section class=\"section\">\n<div class=\"item item-12\">\n<section class=\"image-item\"><img decoding=\"async\" src=\"https:\/\/upload.cdn.baselinker.com\/products\/5070313\/a1d658a2019505d3260983b0ae48df2c.jpg\" \/><\/section>\n<\/p><\/div>\n<\/section>\n<section class=\"section\">\n<div class=\"item item-12\">\n<section class=\"text-item\">\n<h1>Pok\u00e9mon TCG: ME02.5 Ascended Heroes &#8211; Elite Trainer Box<\/h1>\n<\/section><\/div>\n<\/section>\n<section class=\"section\">\n<div class=\"item item-12\">\n<section class=\"text-item\">\n<p>Podejmij nowe wyzwanie i zachwy\u0107 si\u0119 ogromnym potencja\u0142em Mega Dragonite ex, kt\u00f3ry swoj\u0105 moc\u0105 wyniesie Ci\u0119 w kosmos! Pokemony trener\u00f3w i Stellar Tera Pokemon ex do\u0142\u0105czaj\u0105 do powracaj\u0105cych i nowo odkrytych Mega Evolution Pokemon ex \u2013 zaprezentuj\u0105 si\u0119 dzi\u0119ki specjalnym ilustracjom pokazuj\u0105cym ich najwi\u0119ksze i najodwa\u017cniejsze ataki.<\/p>\n<p>\u015awi\u0119tuj powr\u00f3t gwiazd z dodatk\u00f3w Scarlet &amp; Violet i pojawienie si\u0119 Pok\u00e9mon\u00f3w Mega Evolution wraz z dodatkiem <b>Pok\u00e9mon TCG: Mega Evolution &#8211; Ascended Heroes<\/b>!<\/p>\n<\/section><\/div>\n<\/section>\n<section class=\"section\">\n<div class=\"item item-6\">\n<section class=\"image-item\"><img decoding=\"async\" src=\"https:\/\/upload.cdn.baselinker.com\/products\/5070313\/16c2cafee99f935a60cbd8ac73700e5b.jpg\" \/><\/section>\n<\/p><\/div>\n<div class=\"item item-6\">\n<section class=\"text-item\">\n<p>Zawarto\u015b\u0107 opakowania:<\/p>\n<ul>\n<li>9 Booster\u00f3w Mega Evolution &#8211; Ascended Heroes<\/li>\n<li>1 pe\u0142nowymiarowa karta promocyjna foil<\/li>\n<li>65 ok\u0142adek na karty<\/li>\n<li>angielski przewodnik po zestawie i zasadach<\/li>\n<li>6 kostek do oznaczania kondycji<\/li>\n<li>1 kostka coin-flip<\/li>\n<li>2 \u017cetony oznaczenia kondycji<\/li>\n<li>pude\u0142ko do przechowywania wszystkich komponent\u00f3w<\/li>\n<li>kod dost\u0119pu do Pok\u00e9mon TCG Live<\/li>\n<\/ul>\n<\/section><\/div>\n<\/section>\n<section class=\"section\">\n<div class=\"item item-12\">\n<section class=\"image-item\"><img decoding=\"async\" src=\"https:\/\/upload.cdn.baselinker.com\/products\/5070313\/1af10dd5984894f70b2a2a53501f5775.jpg\" \/><\/section>\n<\/p><\/div>\n<\/section>\n<section class=\"section\">\n<div class=\"item item-6\">\n<section class=\"image-item\"><img decoding=\"async\" src=\"https:\/\/upload.cdn.baselinker.com\/products\/5070313\/13e2155d6392c852febf1a4f7bfcb766.jpg\" \/><\/section>\n<\/p><\/div>\n<div class=\"item item-6\">\n<section class=\"image-item\"><img decoding=\"async\" src=\"https:\/\/upload.cdn.baselinker.com\/products\/5070313\/b85a5d1a072e0a8ce8e2aee3193895e8.jpg\" \/><\/section>\n<\/p><\/div>\n<\/section>\n<section class=\"section\">\n<div class=\"item item-12\">\n<section class=\"text-item\">\n<p><b>Specyfikacja<\/b><\/p>\n<ul>\n<li>Ulepsz swoj\u0105 kolekcj\u0119 kart za pomoc\u0105 tego zestawu<\/li>\n<li>Kartki s\u0105 w j\u0119zyku angielskim<\/li>\n<li>Nadaje si\u0119 dla dzieci od 6 lat<\/li>\n<\/ul>\n<\/section><\/div>\n<\/section>\n","protected":false},"excerpt":{"rendered":"<p>Pok\u00e9mon TCG: ME02.5 Ascended Heroes &#8211; Elite Trainer Box Podejmij nowe wyzwanie i zachwy\u0107 si\u0119 ogromnym potencja\u0142em Mega Dragonite ex, kt\u00f3ry swoj\u0105 moc\u0105 wyniesie Ci\u0119 w kosmos! Pokemony trener\u00f3w i Stellar Tera Pokemon ex do\u0142\u0105czaj\u0105 do powracaj\u0105cych i nowo odkrytych Mega Evolution Pokemon ex \u2013 zaprezentuj\u0105 si\u0119 dzi\u0119ki specjalnym ilustracjom pokazuj\u0105cym ich najwi\u0119ksze i najodwa\u017cniejsze [&hellip;]<\/p>\n","protected":false},"featured_media":4727,"comment_status":"open","ping_status":"closed","template":"","meta":{"_uag_custom_page_level_css":"","site-sidebar-layout":"default","site-content-layout":"","ast-site-content-layout":"default","site-content-style":"default","site-sidebar-style":"default","ast-global-header-display":"","ast-banner-title-visibility":"","ast-main-header-display":"","ast-hfb-above-header-display":"","ast-hfb-below-header-display":"","ast-hfb-mobile-header-display":"","site-post-title":"","ast-breadcrumbs-content":"","ast-featured-img":"","footer-sml-layout":"","ast-disable-related-posts":"","theme-transparent-header-meta":"","adv-header-id-meta":"","stick-header-meta":"","header-above-stick-meta":"","header-main-stick-meta":"","header-below-stick-meta":"","astra-migrate-meta-layouts":"default","ast-page-background-enabled":"default","ast-page-background-meta":{"desktop":{"background-color":"","background-image":"","background-repeat":"repeat","background-position":"center center","background-size":"auto","background-attachment":"scroll","background-type":"","background-media":"","overlay-type":"","overlay-color":"","overlay-opacity":"","overlay-gradient":""},"tablet":{"background-color":"","background-image":"","background-repeat":"repeat","background-position":"center center","background-size":"auto","background-attachment":"scroll","background-type":"","background-media":"","overlay-type":"","overlay-color":"","overlay-opacity":"","overlay-gradient":""},"mobile":{"background-color":"","background-image":"","background-repeat":"repeat","background-position":"center center","background-size":"auto","background-attachment":"scroll","background-type":"","background-media":"","overlay-type":"","overlay-color":"","overlay-opacity":"","overlay-gradient":""}},"ast-content-background-meta":{"desktop":{"background-color":"var(--ast-global-color-5)","background-image":"","background-repeat":"repeat","background-position":"center center","background-size":"auto","background-attachment":"scroll","background-type":"","background-media":"","overlay-type":"","overlay-color":"","overlay-opacity":"","overlay-gradient":""},"tablet":{"background-color":"var(--ast-global-color-5)","background-image":"","background-repeat":"repeat","background-position":"center center","background-size":"auto","background-attachment":"scroll","background-type":"","background-media":"","overlay-type":"","overlay-color":"","overlay-opacity":"","overlay-gradient":""},"mobile":{"background-color":"var(--ast-global-color-5)","background-image":"","background-repeat":"repeat","background-position":"center center","background-size":"auto","background-attachment":"scroll","background-type":"","background-media":"","overlay-type":"","overlay-color":"","overlay-opacity":"","overlay-gradient":""}}},"product_brand":[],"product_cat":[19],"product_tag":[],"class_list":{"0":"post-4741","1":"product","2":"type-product","3":"status-publish","4":"has-post-thumbnail","6":"product_cat-pokemon-tcg","7":"desktop-align-center","8":"tablet-align-left","9":"mobile-align-left","11":"first","12":"outofstock","13":"taxable","14":"shipping-taxable","15":"purchasable","16":"product-type-simple"},"yoast_head":"<!-- This site is optimized with the Yoast SEO plugin v27.2 - https:\/\/yoast.com\/product\/yoast-seo-wordpress\/ -->\n<title>Pokemon TCG: Mega Evolution Ascended Heroes Elite Trainer Box ETB Dragonite &#187; %<\/title>\n<meta name=\"robots\" content=\"index, follow, max-snippet:-1, max-image-preview:large, max-video-preview:-1\" \/>\n<link rel=\"canonical\" href=\"https:\/\/plangry.com\/index.php\/produkt\/pokemon-tcg-mega-evolution-ascended-heroes-elite-trainer-box-etb-dragonite\/\" \/>\n<meta property=\"og:locale\" content=\"pl_PL\" \/>\n<meta property=\"og:type\" content=\"article\" \/>\n<meta property=\"og:title\" content=\"Pokemon TCG: Mega Evolution Ascended Heroes Elite Trainer Box ETB Dragonite &#187; %\" \/>\n<meta property=\"og:description\" content=\"Pok\u00e9mon TCG: ME02.5 Ascended Heroes &#8211; Elite Trainer Box Podejmij nowe wyzwanie i zachwy\u0107 si\u0119 ogromnym potencja\u0142em Mega Dragonite ex, kt\u00f3ry swoj\u0105 moc\u0105 wyniesie Ci\u0119 w kosmos! Pokemony trener\u00f3w i Stellar Tera Pokemon ex do\u0142\u0105czaj\u0105 do powracaj\u0105cych i nowo odkrytych Mega Evolution Pokemon ex \u2013 zaprezentuj\u0105 si\u0119 dzi\u0119ki specjalnym ilustracjom pokazuj\u0105cym ich najwi\u0119ksze i najodwa\u017cniejsze [&hellip;]\" \/>\n<meta property=\"og:url\" content=\"https:\/\/plangry.com\/index.php\/produkt\/pokemon-tcg-mega-evolution-ascended-heroes-elite-trainer-box-etb-dragonite\/\" \/>\n<meta property=\"article:publisher\" content=\"https:\/\/www.facebook.com\/profile.php?id=100092112963704\" \/>\n<meta property=\"article:modified_time\" content=\"2026-04-18T15:22:08+00:00\" \/>\n<meta property=\"og:image\" content=\"https:\/\/upload.cdn.baselinker.com\/products\/5070313\/a1d658a2019505d3260983b0ae48df2c.jpg\" \/>\n<meta name=\"twitter:card\" content=\"summary_large_image\" \/>\n<meta name=\"twitter:site\" content=\"@plan_gry\" \/>\n<meta name=\"twitter:label1\" content=\"Szacowany czas czytania\" \/>\n\t<meta name=\"twitter:data1\" content=\"1 minuta\" \/>\n<script type=\"application\/ld+json\" class=\"yoast-schema-graph\">{\"@context\":\"https:\/\/schema.org\",\"@graph\":[{\"@type\":\"WebPage\",\"@id\":\"https:\/\/plangry.com\/index.php\/produkt\/pokemon-tcg-mega-evolution-ascended-heroes-elite-trainer-box-etb-dragonite\/\",\"url\":\"https:\/\/plangry.com\/index.php\/produkt\/pokemon-tcg-mega-evolution-ascended-heroes-elite-trainer-box-etb-dragonite\/\",\"name\":\"Pokemon TCG: Mega Evolution Ascended Heroes Elite Trainer Box ETB Dragonite &#187; %\",\"isPartOf\":{\"@id\":\"https:\/\/plangry.com\/#website\"},\"primaryImageOfPage\":{\"@id\":\"https:\/\/plangry.com\/index.php\/produkt\/pokemon-tcg-mega-evolution-ascended-heroes-elite-trainer-box-etb-dragonite\/#primaryimage\"},\"image\":{\"@id\":\"https:\/\/plangry.com\/index.php\/produkt\/pokemon-tcg-mega-evolution-ascended-heroes-elite-trainer-box-etb-dragonite\/#primaryimage\"},\"thumbnailUrl\":\"https:\/\/plangry.com\/wp-content\/uploads\/2026\/03\/16c2cafee99f935a60cbd8ac73700e5b.jpg\",\"datePublished\":\"2026-03-22T12:05:16+00:00\",\"dateModified\":\"2026-04-18T15:22:08+00:00\",\"breadcrumb\":{\"@id\":\"https:\/\/plangry.com\/index.php\/produkt\/pokemon-tcg-mega-evolution-ascended-heroes-elite-trainer-box-etb-dragonite\/#breadcrumb\"},\"inLanguage\":\"pl-PL\",\"potentialAction\":[{\"@type\":\"ReadAction\",\"target\":[\"https:\/\/plangry.com\/index.php\/produkt\/pokemon-tcg-mega-evolution-ascended-heroes-elite-trainer-box-etb-dragonite\/\"]}]},{\"@type\":\"ImageObject\",\"inLanguage\":\"pl-PL\",\"@id\":\"https:\/\/plangry.com\/index.php\/produkt\/pokemon-tcg-mega-evolution-ascended-heroes-elite-trainer-box-etb-dragonite\/#primaryimage\",\"url\":\"https:\/\/plangry.com\/wp-content\/uploads\/2026\/03\/16c2cafee99f935a60cbd8ac73700e5b.jpg\",\"contentUrl\":\"https:\/\/plangry.com\/wp-content\/uploads\/2026\/03\/16c2cafee99f935a60cbd8ac73700e5b.jpg\",\"width\":1400,\"height\":1334,\"caption\":\"b902766817c9a67024fc3aae4789db92\"},{\"@type\":\"BreadcrumbList\",\"@id\":\"https:\/\/plangry.com\/index.php\/produkt\/pokemon-tcg-mega-evolution-ascended-heroes-elite-trainer-box-etb-dragonite\/#breadcrumb\",\"itemListElement\":[{\"@type\":\"ListItem\",\"position\":1,\"name\":\"Strona g\u0142\u00f3wna\",\"item\":\"https:\/\/plangry.com\/\"},{\"@type\":\"ListItem\",\"position\":2,\"name\":\"Sklep\",\"item\":\"https:\/\/plangry.com\/index.php\/sklep\/\"},{\"@type\":\"ListItem\",\"position\":3,\"name\":\"Pokemon TCG: Mega Evolution Ascended Heroes Elite Trainer Box ETB Dragonite\"}]},{\"@type\":\"WebSite\",\"@id\":\"https:\/\/plangry.com\/#website\",\"url\":\"https:\/\/plangry.com\/\",\"name\":\"Plan Gry\",\"description\":\"\",\"publisher\":{\"@id\":\"https:\/\/plangry.com\/#organization\"},\"alternateName\":\"Plan Gry\",\"potentialAction\":[{\"@type\":\"SearchAction\",\"target\":{\"@type\":\"EntryPoint\",\"urlTemplate\":\"https:\/\/plangry.com\/?s={search_term_string}\"},\"query-input\":{\"@type\":\"PropertyValueSpecification\",\"valueRequired\":true,\"valueName\":\"search_term_string\"}}],\"inLanguage\":\"pl-PL\"},{\"@type\":\"Organization\",\"@id\":\"https:\/\/plangry.com\/#organization\",\"name\":\"Plan Gry\",\"url\":\"https:\/\/plangry.com\/\",\"logo\":{\"@type\":\"ImageObject\",\"inLanguage\":\"pl-PL\",\"@id\":\"https:\/\/plangry.com\/#\/schema\/logo\/image\/\",\"url\":\"https:\/\/plangry.com\/wp-content\/uploads\/2023\/12\/cropped-White-SIgnature-Art-Studio-Logo-3-1.png\",\"contentUrl\":\"https:\/\/plangry.com\/wp-content\/uploads\/2023\/12\/cropped-White-SIgnature-Art-Studio-Logo-3-1.png\",\"width\":512,\"height\":512,\"caption\":\"Plan Gry\"},\"image\":{\"@id\":\"https:\/\/plangry.com\/#\/schema\/logo\/image\/\"},\"sameAs\":[\"https:\/\/www.facebook.com\/profile.php?id=100092112963704\",\"https:\/\/x.com\/plan_gry\",\"https:\/\/www.instagram.com\/plan_szowe_gry\/?igshid=ZDdkNTZiNTM\",\"https:\/\/www.tiktok.com\/@plan_gry?is_from_webapp=1&sender_device=pc\"]}]}<\/script>\n<!-- \/ Yoast SEO plugin. -->","yoast_head_json":{"title":"Pokemon TCG: Mega Evolution Ascended Heroes Elite Trainer Box ETB Dragonite &#187; %","robots":{"index":"index","follow":"follow","max-snippet":"max-snippet:-1","max-image-preview":"max-image-preview:large","max-video-preview":"max-video-preview:-1"},"canonical":"https:\/\/plangry.com\/index.php\/produkt\/pokemon-tcg-mega-evolution-ascended-heroes-elite-trainer-box-etb-dragonite\/","og_locale":"pl_PL","og_type":"article","og_title":"Pokemon TCG: Mega Evolution Ascended Heroes Elite Trainer Box ETB Dragonite &#187; %","og_description":"Pok\u00e9mon TCG: ME02.5 Ascended Heroes &#8211; Elite Trainer Box Podejmij nowe wyzwanie i zachwy\u0107 si\u0119 ogromnym potencja\u0142em Mega Dragonite ex, kt\u00f3ry swoj\u0105 moc\u0105 wyniesie Ci\u0119 w kosmos! Pokemony trener\u00f3w i Stellar Tera Pokemon ex do\u0142\u0105czaj\u0105 do powracaj\u0105cych i nowo odkrytych Mega Evolution Pokemon ex \u2013 zaprezentuj\u0105 si\u0119 dzi\u0119ki specjalnym ilustracjom pokazuj\u0105cym ich najwi\u0119ksze i najodwa\u017cniejsze [&hellip;]","og_url":"https:\/\/plangry.com\/index.php\/produkt\/pokemon-tcg-mega-evolution-ascended-heroes-elite-trainer-box-etb-dragonite\/","article_publisher":"https:\/\/www.facebook.com\/profile.php?id=100092112963704","article_modified_time":"2026-04-18T15:22:08+00:00","og_image":[{"url":"https:\/\/upload.cdn.baselinker.com\/products\/5070313\/a1d658a2019505d3260983b0ae48df2c.jpg","type":"","width":"","height":""}],"twitter_card":"summary_large_image","twitter_site":"@plan_gry","twitter_misc":{"Szacowany czas czytania":"1 minuta"},"schema":{"@context":"https:\/\/schema.org","@graph":[{"@type":"WebPage","@id":"https:\/\/plangry.com\/index.php\/produkt\/pokemon-tcg-mega-evolution-ascended-heroes-elite-trainer-box-etb-dragonite\/","url":"https:\/\/plangry.com\/index.php\/produkt\/pokemon-tcg-mega-evolution-ascended-heroes-elite-trainer-box-etb-dragonite\/","name":"Pokemon TCG: Mega Evolution Ascended Heroes Elite Trainer Box ETB Dragonite &#187; %","isPartOf":{"@id":"https:\/\/plangry.com\/#website"},"primaryImageOfPage":{"@id":"https:\/\/plangry.com\/index.php\/produkt\/pokemon-tcg-mega-evolution-ascended-heroes-elite-trainer-box-etb-dragonite\/#primaryimage"},"image":{"@id":"https:\/\/plangry.com\/index.php\/produkt\/pokemon-tcg-mega-evolution-ascended-heroes-elite-trainer-box-etb-dragonite\/#primaryimage"},"thumbnailUrl":"https:\/\/plangry.com\/wp-content\/uploads\/2026\/03\/16c2cafee99f935a60cbd8ac73700e5b.jpg","datePublished":"2026-03-22T12:05:16+00:00","dateModified":"2026-04-18T15:22:08+00:00","breadcrumb":{"@id":"https:\/\/plangry.com\/index.php\/produkt\/pokemon-tcg-mega-evolution-ascended-heroes-elite-trainer-box-etb-dragonite\/#breadcrumb"},"inLanguage":"pl-PL","potentialAction":[{"@type":"ReadAction","target":["https:\/\/plangry.com\/index.php\/produkt\/pokemon-tcg-mega-evolution-ascended-heroes-elite-trainer-box-etb-dragonite\/"]}]},{"@type":"ImageObject","inLanguage":"pl-PL","@id":"https:\/\/plangry.com\/index.php\/produkt\/pokemon-tcg-mega-evolution-ascended-heroes-elite-trainer-box-etb-dragonite\/#primaryimage","url":"https:\/\/plangry.com\/wp-content\/uploads\/2026\/03\/16c2cafee99f935a60cbd8ac73700e5b.jpg","contentUrl":"https:\/\/plangry.com\/wp-content\/uploads\/2026\/03\/16c2cafee99f935a60cbd8ac73700e5b.jpg","width":1400,"height":1334,"caption":"b902766817c9a67024fc3aae4789db92"},{"@type":"BreadcrumbList","@id":"https:\/\/plangry.com\/index.php\/produkt\/pokemon-tcg-mega-evolution-ascended-heroes-elite-trainer-box-etb-dragonite\/#breadcrumb","itemListElement":[{"@type":"ListItem","position":1,"name":"Strona g\u0142\u00f3wna","item":"https:\/\/plangry.com\/"},{"@type":"ListItem","position":2,"name":"Sklep","item":"https:\/\/plangry.com\/index.php\/sklep\/"},{"@type":"ListItem","position":3,"name":"Pokemon TCG: Mega Evolution Ascended Heroes Elite Trainer Box ETB Dragonite"}]},{"@type":"WebSite","@id":"https:\/\/plangry.com\/#website","url":"https:\/\/plangry.com\/","name":"Plan Gry","description":"","publisher":{"@id":"https:\/\/plangry.com\/#organization"},"alternateName":"Plan Gry","potentialAction":[{"@type":"SearchAction","target":{"@type":"EntryPoint","urlTemplate":"https:\/\/plangry.com\/?s={search_term_string}"},"query-input":{"@type":"PropertyValueSpecification","valueRequired":true,"valueName":"search_term_string"}}],"inLanguage":"pl-PL"},{"@type":"Organization","@id":"https:\/\/plangry.com\/#organization","name":"Plan Gry","url":"https:\/\/plangry.com\/","logo":{"@type":"ImageObject","inLanguage":"pl-PL","@id":"https:\/\/plangry.com\/#\/schema\/logo\/image\/","url":"https:\/\/plangry.com\/wp-content\/uploads\/2023\/12\/cropped-White-SIgnature-Art-Studio-Logo-3-1.png","contentUrl":"https:\/\/plangry.com\/wp-content\/uploads\/2023\/12\/cropped-White-SIgnature-Art-Studio-Logo-3-1.png","width":512,"height":512,"caption":"Plan Gry"},"image":{"@id":"https:\/\/plangry.com\/#\/schema\/logo\/image\/"},"sameAs":["https:\/\/www.facebook.com\/profile.php?id=100092112963704","https:\/\/x.com\/plan_gry","https:\/\/www.instagram.com\/plan_szowe_gry\/?igshid=ZDdkNTZiNTM","https:\/\/www.tiktok.com\/@plan_gry?is_from_webapp=1&sender_device=pc"]}]}},"uagb_featured_image_src":{"full":["https:\/\/plangry.com\/wp-content\/uploads\/2026\/03\/16c2cafee99f935a60cbd8ac73700e5b.jpg",1400,1334,false],"thumbnail":["https:\/\/plangry.com\/wp-content\/uploads\/2026\/03\/16c2cafee99f935a60cbd8ac73700e5b-300x300.jpg",300,300,true],"medium":["https:\/\/plangry.com\/wp-content\/uploads\/2026\/03\/16c2cafee99f935a60cbd8ac73700e5b-600x572.jpg",600,572,true],"medium_large":["https:\/\/plangry.com\/wp-content\/uploads\/2026\/03\/16c2cafee99f935a60cbd8ac73700e5b-768x732.jpg",768,732,true],"large":["https:\/\/plangry.com\/wp-content\/uploads\/2026\/03\/16c2cafee99f935a60cbd8ac73700e5b-1024x976.jpg",1024,976,true],"1536x1536":["https:\/\/plangry.com\/wp-content\/uploads\/2026\/03\/16c2cafee99f935a60cbd8ac73700e5b.jpg",1400,1334,false],"2048x2048":["https:\/\/plangry.com\/wp-content\/uploads\/2026\/03\/16c2cafee99f935a60cbd8ac73700e5b.jpg",1400,1334,false],"qode_essential_addons_image_size_square":["https:\/\/plangry.com\/wp-content\/uploads\/2026\/03\/16c2cafee99f935a60cbd8ac73700e5b-650x650.jpg",650,650,true],"qode_essential_addons_image_size_landscape":["https:\/\/plangry.com\/wp-content\/uploads\/2026\/03\/16c2cafee99f935a60cbd8ac73700e5b-1300x650.jpg",1300,650,true],"qode_essential_addons_image_size_portrait":["https:\/\/plangry.com\/wp-content\/uploads\/2026\/03\/16c2cafee99f935a60cbd8ac73700e5b-650x1300.jpg",650,1300,true],"qode_essential_addons_image_size_huge-square":["https:\/\/plangry.com\/wp-content\/uploads\/2026\/03\/16c2cafee99f935a60cbd8ac73700e5b-1300x1300.jpg",1300,1300,true],"woocommerce_thumbnail":["https:\/\/plangry.com\/wp-content\/uploads\/2026\/03\/16c2cafee99f935a60cbd8ac73700e5b-600x600.jpg",600,600,true],"woocommerce_single":["https:\/\/plangry.com\/wp-content\/uploads\/2026\/03\/16c2cafee99f935a60cbd8ac73700e5b-600x572.jpg",600,572,true],"woocommerce_gallery_thumbnail":["https:\/\/plangry.com\/wp-content\/uploads\/2026\/03\/16c2cafee99f935a60cbd8ac73700e5b-100x100.jpg",100,100,true]},"uagb_author_info":{"display_name":"admin","author_link":"https:\/\/plangry.com\/index.php\/author\/"},"uagb_comment_info":0,"uagb_excerpt":"Pok\u00e9mon TCG: ME02.5 Ascended Heroes &#8211; Elite Trainer Box Podejmij nowe wyzwanie i zachwy\u0107 si\u0119 ogromnym potencja\u0142em Mega Dragonite ex, kt\u00f3ry swoj\u0105 moc\u0105 wyniesie Ci\u0119 w kosmos! Pokemony trener\u00f3w i Stellar Tera Pokemon ex do\u0142\u0105czaj\u0105 do powracaj\u0105cych i nowo odkrytych Mega Evolution Pokemon ex \u2013 zaprezentuj\u0105 si\u0119 dzi\u0119ki specjalnym ilustracjom pokazuj\u0105cym ich najwi\u0119ksze i najodwa\u017cniejsze&hellip;","jetpack_sharing_enabled":true,"_links":{"self":[{"href":"https:\/\/plangry.com\/index.php\/wp-json\/wp\/v2\/product\/4741","targetHints":{"allow":["GET"]}}],"collection":[{"href":"https:\/\/plangry.com\/index.php\/wp-json\/wp\/v2\/product"}],"about":[{"href":"https:\/\/plangry.com\/index.php\/wp-json\/wp\/v2\/types\/product"}],"replies":[{"embeddable":true,"href":"https:\/\/plangry.com\/index.php\/wp-json\/wp\/v2\/comments?post=4741"}],"wp:featuredmedia":[{"embeddable":true,"href":"https:\/\/plangry.com\/index.php\/wp-json\/wp\/v2\/media\/4727"}],"wp:attachment":[{"href":"https:\/\/plangry.com\/index.php\/wp-json\/wp\/v2\/media?parent=4741"}],"wp:term":[{"taxonomy":"product_brand","embeddable":true,"href":"https:\/\/plangry.com\/index.php\/wp-json\/wp\/v2\/product_brand?post=4741"},{"taxonomy":"product_cat","embeddable":true,"href":"https:\/\/plangry.com\/index.php\/wp-json\/wp\/v2\/product_cat?post=4741"},{"taxonomy":"product_tag","embeddable":true,"href":"https:\/\/plangry.com\/index.php\/wp-json\/wp\/v2\/product_tag?post=4741"}],"curies":[{"name":"wp","href":"https:\/\/api.w.org\/{rel}","templated":true}]}}