{"id":4759,"date":"2026-03-22T13:05:56","date_gmt":"2026-03-22T12:05:56","guid":{"rendered":"https:\/\/plangry.com\/index.php\/produkt\/pokemon-tcg-mega-evolution-ascended-heroes-premium-poster-mega-gardevoir\/"},"modified":"2026-04-29T07:41:37","modified_gmt":"2026-04-29T05:41:37","slug":"pokemon-tcg-mega-evolution-ascended-heroes-premium-poster-mega-gardevoir","status":"publish","type":"product","link":"https:\/\/plangry.com\/index.php\/produkt\/pokemon-tcg-mega-evolution-ascended-heroes-premium-poster-mega-gardevoir\/","title":{"rendered":"Pok\u00e9mon TCG: Mega Evolution Ascended Heroes Premium Poster &#8211; Mega Gardevoir"},"content":{"rendered":"<section class=\"section\">\n<div class=\"item item-12\">\n<section class=\"text-item\">\n<p>Dzi\u0119ki pot\u0119\u017cnym atakom i wysokiemu HP Mega Lucario ex oraz Mega Gardevoir ex prze\u0142amuj\u0105 wszelkie granice w walce! Po\u0142\u0105cz si\u0142y z jednym z tych pot\u0119\u017cnych Mega Evolution Pok\u00e9mon ex dzi\u0119ki kartom w wariancie full-art foil oraz boosterom z dodatku Mega Evolution &#8211; Ascended Heroes. W zestawie znajdziesz tak\u017ce du\u017cy plakat przedstawiaj\u0105cy Mega Lucario lub Mega Gardevoir oraz inne Pok\u00e9mony pojawiaj\u0105ce si\u0119 w tym wyj\u0105tkowym rozszerzeniu.<\/p>\n<p>Pok\u00e9mon TCG: Mega Evolution &#8211; Ascended Heroes &#8211; Premium Poster Collection &#8211; Gardevoir\/Lucario (6) sk\u0142ada si\u0119 z:<\/p>\n<ul>\n<li>3x Pok\u00e9mon TCG: Mega Evolution &#8211; Ascended Heroes &#8211; Premium Poster Collection &#8211; Mega Lucario<\/li>\n<li>3x Pok\u00e9mon TCG: Mega Evolution &#8211; Ascended Heroes &#8211; Premium Poster Collection &#8211; Mega Gardevoir<\/li>\n<\/ul>\n<p>Ka\u017cdy&nbsp;<b>Pok\u00e9mon TCG: Mega Evolution &#8211; Ascended Heroes &#8211; Premium Poster Collection<\/b>&nbsp;zawiera:<\/p>\n<ul>\n<li>1 kart\u0119 promo foil<\/li>\n<li>1 dwustronny, du\u017cy plakat o wymiarach oko\u0142o 68&#215;99 cm<\/li>\n<li>10 booster\u00f3w&nbsp;<b>Pok\u00e9mon TCG: Mega Evolution &#8211; Ascended Heroes<\/b><\/li>\n<li>1 kart\u0119 kodu do Pok\u00e9mon TCG Live<\/li>\n<\/ul>\n<\/section><\/div>\n<\/section>\n","protected":false},"excerpt":{"rendered":"<p>Dzi\u0119ki pot\u0119\u017cnym atakom i wysokiemu HP Mega Lucario ex oraz Mega Gardevoir ex prze\u0142amuj\u0105 wszelkie granice w walce! Po\u0142\u0105cz si\u0142y z jednym z tych pot\u0119\u017cnych Mega Evolution Pok\u00e9mon ex dzi\u0119ki kartom w wariancie full-art foil oraz boosterom z dodatku Mega Evolution &#8211; Ascended Heroes. W zestawie znajdziesz tak\u017ce du\u017cy plakat przedstawiaj\u0105cy Mega Lucario lub Mega [&hellip;]<\/p>\n","protected":false},"featured_media":4751,"comment_status":"open","ping_status":"closed","template":"","meta":{"_uag_custom_page_level_css":"","site-sidebar-layout":"default","site-content-layout":"","ast-site-content-layout":"default","site-content-style":"default","site-sidebar-style":"default","ast-global-header-display":"","ast-banner-title-visibility":"","ast-main-header-display":"","ast-hfb-above-header-display":"","ast-hfb-below-header-display":"","ast-hfb-mobile-header-display":"","site-post-title":"","ast-breadcrumbs-content":"","ast-featured-img":"","footer-sml-layout":"","ast-disable-related-posts":"","theme-transparent-header-meta":"","adv-header-id-meta":"","stick-header-meta":"","header-above-stick-meta":"","header-main-stick-meta":"","header-below-stick-meta":"","astra-migrate-meta-layouts":"default","ast-page-background-enabled":"default","ast-page-background-meta":{"desktop":{"background-color":"","background-image":"","background-repeat":"repeat","background-position":"center center","background-size":"auto","background-attachment":"scroll","background-type":"","background-media":"","overlay-type":"","overlay-color":"","overlay-opacity":"","overlay-gradient":""},"tablet":{"background-color":"","background-image":"","background-repeat":"repeat","background-position":"center center","background-size":"auto","background-attachment":"scroll","background-type":"","background-media":"","overlay-type":"","overlay-color":"","overlay-opacity":"","overlay-gradient":""},"mobile":{"background-color":"","background-image":"","background-repeat":"repeat","background-position":"center center","background-size":"auto","background-attachment":"scroll","background-type":"","background-media":"","overlay-type":"","overlay-color":"","overlay-opacity":"","overlay-gradient":""}},"ast-content-background-meta":{"desktop":{"background-color":"var(--ast-global-color-5)","background-image":"","background-repeat":"repeat","background-position":"center center","background-size":"auto","background-attachment":"scroll","background-type":"","background-media":"","overlay-type":"","overlay-color":"","overlay-opacity":"","overlay-gradient":""},"tablet":{"background-color":"var(--ast-global-color-5)","background-image":"","background-repeat":"repeat","background-position":"center center","background-size":"auto","background-attachment":"scroll","background-type":"","background-media":"","overlay-type":"","overlay-color":"","overlay-opacity":"","overlay-gradient":""},"mobile":{"background-color":"var(--ast-global-color-5)","background-image":"","background-repeat":"repeat","background-position":"center center","background-size":"auto","background-attachment":"scroll","background-type":"","background-media":"","overlay-type":"","overlay-color":"","overlay-opacity":"","overlay-gradient":""}}},"product_brand":[],"product_cat":[19],"product_tag":[],"class_list":{"0":"post-4759","1":"product","2":"type-product","3":"status-publish","4":"has-post-thumbnail","6":"product_cat-pokemon-tcg","7":"desktop-align-center","8":"tablet-align-left","9":"mobile-align-left","11":"first","12":"instock","13":"taxable","14":"shipping-taxable","15":"purchasable","16":"product-type-simple"},"yoast_head":"<!-- This site is optimized with the Yoast SEO plugin v27.2 - https:\/\/yoast.com\/product\/yoast-seo-wordpress\/ -->\n<title>Pok\u00e9mon TCG: Mega Evolution Ascended Heroes Premium Poster - Mega Gardevoir &#187; %<\/title>\n<meta name=\"robots\" content=\"index, follow, max-snippet:-1, max-image-preview:large, max-video-preview:-1\" \/>\n<link rel=\"canonical\" href=\"https:\/\/plangry.com\/index.php\/produkt\/pokemon-tcg-mega-evolution-ascended-heroes-premium-poster-mega-gardevoir\/\" \/>\n<meta property=\"og:locale\" content=\"pl_PL\" \/>\n<meta property=\"og:type\" content=\"article\" \/>\n<meta property=\"og:title\" content=\"Pok\u00e9mon TCG: Mega Evolution Ascended Heroes Premium Poster - Mega Gardevoir &#187; %\" \/>\n<meta property=\"og:description\" content=\"Dzi\u0119ki pot\u0119\u017cnym atakom i wysokiemu HP Mega Lucario ex oraz Mega Gardevoir ex prze\u0142amuj\u0105 wszelkie granice w walce! Po\u0142\u0105cz si\u0142y z jednym z tych pot\u0119\u017cnych Mega Evolution Pok\u00e9mon ex dzi\u0119ki kartom w wariancie full-art foil oraz boosterom z dodatku Mega Evolution &#8211; Ascended Heroes. W zestawie znajdziesz tak\u017ce du\u017cy plakat przedstawiaj\u0105cy Mega Lucario lub Mega [&hellip;]\" \/>\n<meta property=\"og:url\" content=\"https:\/\/plangry.com\/index.php\/produkt\/pokemon-tcg-mega-evolution-ascended-heroes-premium-poster-mega-gardevoir\/\" \/>\n<meta property=\"article:publisher\" content=\"https:\/\/www.facebook.com\/profile.php?id=100092112963704\" \/>\n<meta property=\"article:modified_time\" content=\"2026-04-29T05:41:37+00:00\" \/>\n<meta property=\"og:image\" content=\"https:\/\/plangry.com\/wp-content\/uploads\/2023\/12\/GRY-3photoAid-removed-background.png\" \/>\n\t<meta property=\"og:image:width\" content=\"1600\" \/>\n\t<meta property=\"og:image:height\" content=\"901\" \/>\n\t<meta property=\"og:image:type\" content=\"image\/png\" \/>\n<meta name=\"twitter:card\" content=\"summary_large_image\" \/>\n<meta name=\"twitter:site\" content=\"@plan_gry\" \/>\n<meta name=\"twitter:label1\" content=\"Szacowany czas czytania\" \/>\n\t<meta name=\"twitter:data1\" content=\"1 minuta\" \/>\n<script type=\"application\/ld+json\" class=\"yoast-schema-graph\">{\"@context\":\"https:\/\/schema.org\",\"@graph\":[{\"@type\":\"WebPage\",\"@id\":\"https:\/\/plangry.com\/index.php\/produkt\/pokemon-tcg-mega-evolution-ascended-heroes-premium-poster-mega-gardevoir\/\",\"url\":\"https:\/\/plangry.com\/index.php\/produkt\/pokemon-tcg-mega-evolution-ascended-heroes-premium-poster-mega-gardevoir\/\",\"name\":\"Pok\u00e9mon TCG: Mega Evolution Ascended Heroes Premium Poster - Mega Gardevoir &#187; %\",\"isPartOf\":{\"@id\":\"https:\/\/plangry.com\/#website\"},\"primaryImageOfPage\":{\"@id\":\"https:\/\/plangry.com\/index.php\/produkt\/pokemon-tcg-mega-evolution-ascended-heroes-premium-poster-mega-gardevoir\/#primaryimage\"},\"image\":{\"@id\":\"https:\/\/plangry.com\/index.php\/produkt\/pokemon-tcg-mega-evolution-ascended-heroes-premium-poster-mega-gardevoir\/#primaryimage\"},\"thumbnailUrl\":\"https:\/\/plangry.com\/wp-content\/uploads\/2026\/03\/7504cc1c021983360378e06a026ad346.jpg\",\"datePublished\":\"2026-03-22T12:05:56+00:00\",\"dateModified\":\"2026-04-29T05:41:37+00:00\",\"breadcrumb\":{\"@id\":\"https:\/\/plangry.com\/index.php\/produkt\/pokemon-tcg-mega-evolution-ascended-heroes-premium-poster-mega-gardevoir\/#breadcrumb\"},\"inLanguage\":\"pl-PL\",\"potentialAction\":[{\"@type\":\"ReadAction\",\"target\":[\"https:\/\/plangry.com\/index.php\/produkt\/pokemon-tcg-mega-evolution-ascended-heroes-premium-poster-mega-gardevoir\/\"]}]},{\"@type\":\"ImageObject\",\"inLanguage\":\"pl-PL\",\"@id\":\"https:\/\/plangry.com\/index.php\/produkt\/pokemon-tcg-mega-evolution-ascended-heroes-premium-poster-mega-gardevoir\/#primaryimage\",\"url\":\"https:\/\/plangry.com\/wp-content\/uploads\/2026\/03\/7504cc1c021983360378e06a026ad346.jpg\",\"contentUrl\":\"https:\/\/plangry.com\/wp-content\/uploads\/2026\/03\/7504cc1c021983360378e06a026ad346.jpg\",\"width\":970,\"height\":809,\"caption\":\"2eaf166925109fc317f9b7a4ce15b12a\"},{\"@type\":\"BreadcrumbList\",\"@id\":\"https:\/\/plangry.com\/index.php\/produkt\/pokemon-tcg-mega-evolution-ascended-heroes-premium-poster-mega-gardevoir\/#breadcrumb\",\"itemListElement\":[{\"@type\":\"ListItem\",\"position\":1,\"name\":\"Strona g\u0142\u00f3wna\",\"item\":\"https:\/\/plangry.com\/\"},{\"@type\":\"ListItem\",\"position\":2,\"name\":\"Sklep\",\"item\":\"https:\/\/plangry.com\/index.php\/sklep\/\"},{\"@type\":\"ListItem\",\"position\":3,\"name\":\"Pok\u00e9mon TCG: Mega Evolution Ascended Heroes Premium Poster &#8211; Mega Gardevoir\"}]},{\"@type\":\"WebSite\",\"@id\":\"https:\/\/plangry.com\/#website\",\"url\":\"https:\/\/plangry.com\/\",\"name\":\"Plan Gry\",\"description\":\"\",\"publisher\":{\"@id\":\"https:\/\/plangry.com\/#organization\"},\"alternateName\":\"Plan Gry\",\"potentialAction\":[{\"@type\":\"SearchAction\",\"target\":{\"@type\":\"EntryPoint\",\"urlTemplate\":\"https:\/\/plangry.com\/?s={search_term_string}\"},\"query-input\":{\"@type\":\"PropertyValueSpecification\",\"valueRequired\":true,\"valueName\":\"search_term_string\"}}],\"inLanguage\":\"pl-PL\"},{\"@type\":\"Organization\",\"@id\":\"https:\/\/plangry.com\/#organization\",\"name\":\"Plan Gry\",\"url\":\"https:\/\/plangry.com\/\",\"logo\":{\"@type\":\"ImageObject\",\"inLanguage\":\"pl-PL\",\"@id\":\"https:\/\/plangry.com\/#\/schema\/logo\/image\/\",\"url\":\"https:\/\/plangry.com\/wp-content\/uploads\/2023\/12\/cropped-White-SIgnature-Art-Studio-Logo-3-1.png\",\"contentUrl\":\"https:\/\/plangry.com\/wp-content\/uploads\/2023\/12\/cropped-White-SIgnature-Art-Studio-Logo-3-1.png\",\"width\":512,\"height\":512,\"caption\":\"Plan Gry\"},\"image\":{\"@id\":\"https:\/\/plangry.com\/#\/schema\/logo\/image\/\"},\"sameAs\":[\"https:\/\/www.facebook.com\/profile.php?id=100092112963704\",\"https:\/\/x.com\/plan_gry\",\"https:\/\/www.instagram.com\/plan_szowe_gry\/?igshid=ZDdkNTZiNTM\",\"https:\/\/www.tiktok.com\/@plan_gry?is_from_webapp=1&sender_device=pc\"]}]}<\/script>\n<!-- \/ Yoast SEO plugin. -->","yoast_head_json":{"title":"Pok\u00e9mon TCG: Mega Evolution Ascended Heroes Premium Poster - Mega Gardevoir &#187; %","robots":{"index":"index","follow":"follow","max-snippet":"max-snippet:-1","max-image-preview":"max-image-preview:large","max-video-preview":"max-video-preview:-1"},"canonical":"https:\/\/plangry.com\/index.php\/produkt\/pokemon-tcg-mega-evolution-ascended-heroes-premium-poster-mega-gardevoir\/","og_locale":"pl_PL","og_type":"article","og_title":"Pok\u00e9mon TCG: Mega Evolution Ascended Heroes Premium Poster - Mega Gardevoir &#187; %","og_description":"Dzi\u0119ki pot\u0119\u017cnym atakom i wysokiemu HP Mega Lucario ex oraz Mega Gardevoir ex prze\u0142amuj\u0105 wszelkie granice w walce! Po\u0142\u0105cz si\u0142y z jednym z tych pot\u0119\u017cnych Mega Evolution Pok\u00e9mon ex dzi\u0119ki kartom w wariancie full-art foil oraz boosterom z dodatku Mega Evolution &#8211; Ascended Heroes. W zestawie znajdziesz tak\u017ce du\u017cy plakat przedstawiaj\u0105cy Mega Lucario lub Mega [&hellip;]","og_url":"https:\/\/plangry.com\/index.php\/produkt\/pokemon-tcg-mega-evolution-ascended-heroes-premium-poster-mega-gardevoir\/","article_publisher":"https:\/\/www.facebook.com\/profile.php?id=100092112963704","article_modified_time":"2026-04-29T05:41:37+00:00","og_image":[{"width":1600,"height":901,"url":"https:\/\/plangry.com\/wp-content\/uploads\/2023\/12\/GRY-3photoAid-removed-background.png","type":"image\/png"}],"twitter_card":"summary_large_image","twitter_site":"@plan_gry","twitter_misc":{"Szacowany czas czytania":"1 minuta"},"schema":{"@context":"https:\/\/schema.org","@graph":[{"@type":"WebPage","@id":"https:\/\/plangry.com\/index.php\/produkt\/pokemon-tcg-mega-evolution-ascended-heroes-premium-poster-mega-gardevoir\/","url":"https:\/\/plangry.com\/index.php\/produkt\/pokemon-tcg-mega-evolution-ascended-heroes-premium-poster-mega-gardevoir\/","name":"Pok\u00e9mon TCG: Mega Evolution Ascended Heroes Premium Poster - Mega Gardevoir &#187; %","isPartOf":{"@id":"https:\/\/plangry.com\/#website"},"primaryImageOfPage":{"@id":"https:\/\/plangry.com\/index.php\/produkt\/pokemon-tcg-mega-evolution-ascended-heroes-premium-poster-mega-gardevoir\/#primaryimage"},"image":{"@id":"https:\/\/plangry.com\/index.php\/produkt\/pokemon-tcg-mega-evolution-ascended-heroes-premium-poster-mega-gardevoir\/#primaryimage"},"thumbnailUrl":"https:\/\/plangry.com\/wp-content\/uploads\/2026\/03\/7504cc1c021983360378e06a026ad346.jpg","datePublished":"2026-03-22T12:05:56+00:00","dateModified":"2026-04-29T05:41:37+00:00","breadcrumb":{"@id":"https:\/\/plangry.com\/index.php\/produkt\/pokemon-tcg-mega-evolution-ascended-heroes-premium-poster-mega-gardevoir\/#breadcrumb"},"inLanguage":"pl-PL","potentialAction":[{"@type":"ReadAction","target":["https:\/\/plangry.com\/index.php\/produkt\/pokemon-tcg-mega-evolution-ascended-heroes-premium-poster-mega-gardevoir\/"]}]},{"@type":"ImageObject","inLanguage":"pl-PL","@id":"https:\/\/plangry.com\/index.php\/produkt\/pokemon-tcg-mega-evolution-ascended-heroes-premium-poster-mega-gardevoir\/#primaryimage","url":"https:\/\/plangry.com\/wp-content\/uploads\/2026\/03\/7504cc1c021983360378e06a026ad346.jpg","contentUrl":"https:\/\/plangry.com\/wp-content\/uploads\/2026\/03\/7504cc1c021983360378e06a026ad346.jpg","width":970,"height":809,"caption":"2eaf166925109fc317f9b7a4ce15b12a"},{"@type":"BreadcrumbList","@id":"https:\/\/plangry.com\/index.php\/produkt\/pokemon-tcg-mega-evolution-ascended-heroes-premium-poster-mega-gardevoir\/#breadcrumb","itemListElement":[{"@type":"ListItem","position":1,"name":"Strona g\u0142\u00f3wna","item":"https:\/\/plangry.com\/"},{"@type":"ListItem","position":2,"name":"Sklep","item":"https:\/\/plangry.com\/index.php\/sklep\/"},{"@type":"ListItem","position":3,"name":"Pok\u00e9mon TCG: Mega Evolution Ascended Heroes Premium Poster &#8211; Mega Gardevoir"}]},{"@type":"WebSite","@id":"https:\/\/plangry.com\/#website","url":"https:\/\/plangry.com\/","name":"Plan Gry","description":"","publisher":{"@id":"https:\/\/plangry.com\/#organization"},"alternateName":"Plan Gry","potentialAction":[{"@type":"SearchAction","target":{"@type":"EntryPoint","urlTemplate":"https:\/\/plangry.com\/?s={search_term_string}"},"query-input":{"@type":"PropertyValueSpecification","valueRequired":true,"valueName":"search_term_string"}}],"inLanguage":"pl-PL"},{"@type":"Organization","@id":"https:\/\/plangry.com\/#organization","name":"Plan Gry","url":"https:\/\/plangry.com\/","logo":{"@type":"ImageObject","inLanguage":"pl-PL","@id":"https:\/\/plangry.com\/#\/schema\/logo\/image\/","url":"https:\/\/plangry.com\/wp-content\/uploads\/2023\/12\/cropped-White-SIgnature-Art-Studio-Logo-3-1.png","contentUrl":"https:\/\/plangry.com\/wp-content\/uploads\/2023\/12\/cropped-White-SIgnature-Art-Studio-Logo-3-1.png","width":512,"height":512,"caption":"Plan Gry"},"image":{"@id":"https:\/\/plangry.com\/#\/schema\/logo\/image\/"},"sameAs":["https:\/\/www.facebook.com\/profile.php?id=100092112963704","https:\/\/x.com\/plan_gry","https:\/\/www.instagram.com\/plan_szowe_gry\/?igshid=ZDdkNTZiNTM","https:\/\/www.tiktok.com\/@plan_gry?is_from_webapp=1&sender_device=pc"]}]}},"uagb_featured_image_src":{"full":["https:\/\/plangry.com\/wp-content\/uploads\/2026\/03\/7504cc1c021983360378e06a026ad346.jpg",970,809,false],"thumbnail":["https:\/\/plangry.com\/wp-content\/uploads\/2026\/03\/7504cc1c021983360378e06a026ad346-300x300.jpg",300,300,true],"medium":["https:\/\/plangry.com\/wp-content\/uploads\/2026\/03\/7504cc1c021983360378e06a026ad346-600x500.jpg",600,500,true],"medium_large":["https:\/\/plangry.com\/wp-content\/uploads\/2026\/03\/7504cc1c021983360378e06a026ad346-768x641.jpg",768,641,true],"large":["https:\/\/plangry.com\/wp-content\/uploads\/2026\/03\/7504cc1c021983360378e06a026ad346.jpg",970,809,false],"1536x1536":["https:\/\/plangry.com\/wp-content\/uploads\/2026\/03\/7504cc1c021983360378e06a026ad346.jpg",970,809,false],"2048x2048":["https:\/\/plangry.com\/wp-content\/uploads\/2026\/03\/7504cc1c021983360378e06a026ad346.jpg",970,809,false],"qode_essential_addons_image_size_square":["https:\/\/plangry.com\/wp-content\/uploads\/2026\/03\/7504cc1c021983360378e06a026ad346-650x650.jpg",650,650,true],"qode_essential_addons_image_size_landscape":["https:\/\/plangry.com\/wp-content\/uploads\/2026\/03\/7504cc1c021983360378e06a026ad346-970x650.jpg",970,650,true],"qode_essential_addons_image_size_portrait":["https:\/\/plangry.com\/wp-content\/uploads\/2026\/03\/7504cc1c021983360378e06a026ad346-650x809.jpg",650,809,true],"qode_essential_addons_image_size_huge-square":["https:\/\/plangry.com\/wp-content\/uploads\/2026\/03\/7504cc1c021983360378e06a026ad346.jpg",970,809,false],"woocommerce_thumbnail":["https:\/\/plangry.com\/wp-content\/uploads\/2026\/03\/7504cc1c021983360378e06a026ad346-600x600.jpg",600,600,true],"woocommerce_single":["https:\/\/plangry.com\/wp-content\/uploads\/2026\/03\/7504cc1c021983360378e06a026ad346-600x500.jpg",600,500,true],"woocommerce_gallery_thumbnail":["https:\/\/plangry.com\/wp-content\/uploads\/2026\/03\/7504cc1c021983360378e06a026ad346-100x100.jpg",100,100,true]},"uagb_author_info":{"display_name":"admin","author_link":"https:\/\/plangry.com\/index.php\/author\/"},"uagb_comment_info":0,"uagb_excerpt":"Dzi\u0119ki pot\u0119\u017cnym atakom i wysokiemu HP Mega Lucario ex oraz Mega Gardevoir ex prze\u0142amuj\u0105 wszelkie granice w walce! Po\u0142\u0105cz si\u0142y z jednym z tych pot\u0119\u017cnych Mega Evolution Pok\u00e9mon ex dzi\u0119ki kartom w wariancie full-art foil oraz boosterom z dodatku Mega Evolution &#8211; Ascended Heroes. W zestawie znajdziesz tak\u017ce du\u017cy plakat przedstawiaj\u0105cy Mega Lucario lub Mega&hellip;","jetpack_sharing_enabled":true,"_links":{"self":[{"href":"https:\/\/plangry.com\/index.php\/wp-json\/wp\/v2\/product\/4759","targetHints":{"allow":["GET"]}}],"collection":[{"href":"https:\/\/plangry.com\/index.php\/wp-json\/wp\/v2\/product"}],"about":[{"href":"https:\/\/plangry.com\/index.php\/wp-json\/wp\/v2\/types\/product"}],"replies":[{"embeddable":true,"href":"https:\/\/plangry.com\/index.php\/wp-json\/wp\/v2\/comments?post=4759"}],"wp:featuredmedia":[{"embeddable":true,"href":"https:\/\/plangry.com\/index.php\/wp-json\/wp\/v2\/media\/4751"}],"wp:attachment":[{"href":"https:\/\/plangry.com\/index.php\/wp-json\/wp\/v2\/media?parent=4759"}],"wp:term":[{"taxonomy":"product_brand","embeddable":true,"href":"https:\/\/plangry.com\/index.php\/wp-json\/wp\/v2\/product_brand?post=4759"},{"taxonomy":"product_cat","embeddable":true,"href":"https:\/\/plangry.com\/index.php\/wp-json\/wp\/v2\/product_cat?post=4759"},{"taxonomy":"product_tag","embeddable":true,"href":"https:\/\/plangry.com\/index.php\/wp-json\/wp\/v2\/product_tag?post=4759"}],"curies":[{"name":"wp","href":"https:\/\/api.w.org\/{rel}","templated":true}]}}