{"id":4769,"date":"2026-03-22T13:06:21","date_gmt":"2026-03-22T12:06:21","guid":{"rendered":"https:\/\/plangry.com\/index.php\/produkt\/pokemon-tcg-ascended-heroes-tech-sticker-gastly-mega-gengar\/"},"modified":"2026-04-15T14:57:47","modified_gmt":"2026-04-15T12:57:47","slug":"pokemon-tcg-ascended-heroes-tech-sticker-gastly-mega-gengar","status":"publish","type":"product","link":"https:\/\/plangry.com\/index.php\/produkt\/pokemon-tcg-ascended-heroes-tech-sticker-gastly-mega-gengar\/","title":{"rendered":"Pokemon TCG: Ascended Heroes Tech Sticker Gastly\/Mega Gengar"},"content":{"rendered":"<section class=\"section\">\n<div class=\"item item-12\">\n<section class=\"text-item\">\n<h1>Zestaw POK\u00c9MON TCG: MEGA EVOLUTION ASCENDED HEROES TECH STICKER GASTLY\/MEGA GENGAR<\/h1>\n<p>To idealny wyb\u00f3r dla ka\u017cdego fana Pok\u00e9mon TCG. Ten zestaw \u0142\u0105czy w sobie elementy kolekcjonerskie i rozrywkowe, oferuj\u0105c zar\u00f3wno emocje zwi\u0105zane z otwieraniem booster\u00f3w, jak i mo\u017cliwo\u015b\u0107 wzbogacenia swojej kolekcji o unikalne naklejki.<\/p>\n<p>Zestaw zawiera boostery, kt\u00f3re daj\u0105 szans\u0119 na zdobycie rzadkich kart i rozbudowanie swojej talii. Dodatkowo, w zestawie znajduj\u0105 si\u0119 naklejki z wizerunkiem Gastly\/Mega Gengar, kt\u00f3re stanowi\u0105 atrakcyjny element kolekcjonerski. To doskona\u0142y spos\u00f3b na rozpocz\u0119cie przygody z Pok\u00e9mon TCG lub uzupe\u0142nienie ju\u017c posiadanej kolekcji.<\/p>\n<p>Podsumowuj\u0105c, POK\u00c9MON TCG: MEGA EVOLUTION ASCENDED HEROES TECH STICKER GASTLY\/MEGA GENGAR to idealny zestaw dla ka\u017cdego fana Pok\u00e9mon, \u0142\u0105cz\u0105cy elementy kolekcjonerskie i rozrywkowe.<\/p>\n<p>Jeden zestaw&nbsp;<b>Pok\u00e9mon TCG: Mega Evolution &#8211; Ascended Heroes &#8211; Tech Sticker Collection<\/b>&nbsp;zawiera:<\/p>\n<ul>\n<li>1 po\u0142yskuj\u0105c\u0105 kart\u0119 promo z Charmanderem lub Gastlym<\/li>\n<li>1 arkusz tech stickers<\/li>\n<li>3 boostery&nbsp;<b>Pok\u00e9mon TCG: Mega Evolution &#8211; Ascended Heroes<\/b><\/li>\n<\/ul>\n<\/section><\/div>\n<\/section>\n<section class=\"section\">\n<div class=\"item item-12\">\n<section class=\"image-item\"><img decoding=\"async\" src=\"https:\/\/upload.cdn.baselinker.com\/products\/5070313\/034ed55f2ffc612746b7a11c55bd0cd8.jpg\" \/><\/section>\n<\/p><\/div>\n<\/section>\n","protected":false},"excerpt":{"rendered":"<p>Zestaw POK\u00c9MON TCG: MEGA EVOLUTION ASCENDED HEROES TECH STICKER GASTLY\/MEGA GENGAR To idealny wyb\u00f3r dla ka\u017cdego fana Pok\u00e9mon TCG. Ten zestaw \u0142\u0105czy w sobie elementy kolekcjonerskie i rozrywkowe, oferuj\u0105c zar\u00f3wno emocje zwi\u0105zane z otwieraniem booster\u00f3w, jak i mo\u017cliwo\u015b\u0107 wzbogacenia swojej kolekcji o unikalne naklejki. Zestaw zawiera boostery, kt\u00f3re daj\u0105 szans\u0119 na zdobycie rzadkich kart i [&hellip;]<\/p>\n","protected":false},"featured_media":4764,"comment_status":"open","ping_status":"closed","template":"","meta":{"_uag_custom_page_level_css":"","site-sidebar-layout":"default","site-content-layout":"","ast-site-content-layout":"default","site-content-style":"default","site-sidebar-style":"default","ast-global-header-display":"","ast-banner-title-visibility":"","ast-main-header-display":"","ast-hfb-above-header-display":"","ast-hfb-below-header-display":"","ast-hfb-mobile-header-display":"","site-post-title":"","ast-breadcrumbs-content":"","ast-featured-img":"","footer-sml-layout":"","ast-disable-related-posts":"","theme-transparent-header-meta":"","adv-header-id-meta":"","stick-header-meta":"","header-above-stick-meta":"","header-main-stick-meta":"","header-below-stick-meta":"","astra-migrate-meta-layouts":"default","ast-page-background-enabled":"default","ast-page-background-meta":{"desktop":{"background-color":"","background-image":"","background-repeat":"repeat","background-position":"center center","background-size":"auto","background-attachment":"scroll","background-type":"","background-media":"","overlay-type":"","overlay-color":"","overlay-opacity":"","overlay-gradient":""},"tablet":{"background-color":"","background-image":"","background-repeat":"repeat","background-position":"center center","background-size":"auto","background-attachment":"scroll","background-type":"","background-media":"","overlay-type":"","overlay-color":"","overlay-opacity":"","overlay-gradient":""},"mobile":{"background-color":"","background-image":"","background-repeat":"repeat","background-position":"center center","background-size":"auto","background-attachment":"scroll","background-type":"","background-media":"","overlay-type":"","overlay-color":"","overlay-opacity":"","overlay-gradient":""}},"ast-content-background-meta":{"desktop":{"background-color":"var(--ast-global-color-5)","background-image":"","background-repeat":"repeat","background-position":"center center","background-size":"auto","background-attachment":"scroll","background-type":"","background-media":"","overlay-type":"","overlay-color":"","overlay-opacity":"","overlay-gradient":""},"tablet":{"background-color":"var(--ast-global-color-5)","background-image":"","background-repeat":"repeat","background-position":"center center","background-size":"auto","background-attachment":"scroll","background-type":"","background-media":"","overlay-type":"","overlay-color":"","overlay-opacity":"","overlay-gradient":""},"mobile":{"background-color":"var(--ast-global-color-5)","background-image":"","background-repeat":"repeat","background-position":"center center","background-size":"auto","background-attachment":"scroll","background-type":"","background-media":"","overlay-type":"","overlay-color":"","overlay-opacity":"","overlay-gradient":""}}},"product_brand":[],"product_cat":[19],"product_tag":[],"class_list":{"0":"post-4769","1":"product","2":"type-product","3":"status-publish","4":"has-post-thumbnail","6":"product_cat-pokemon-tcg","7":"desktop-align-center","8":"tablet-align-left","9":"mobile-align-left","11":"first","12":"outofstock","13":"taxable","14":"shipping-taxable","15":"purchasable","16":"product-type-simple"},"yoast_head":"<!-- This site is optimized with the Yoast SEO plugin v27.2 - https:\/\/yoast.com\/product\/yoast-seo-wordpress\/ -->\n<title>Pokemon TCG: Ascended Heroes Tech Sticker Gastly\/Mega Gengar &#187; %<\/title>\n<meta name=\"robots\" content=\"index, follow, max-snippet:-1, max-image-preview:large, max-video-preview:-1\" \/>\n<link rel=\"canonical\" href=\"https:\/\/plangry.com\/index.php\/produkt\/pokemon-tcg-ascended-heroes-tech-sticker-gastly-mega-gengar\/\" \/>\n<meta property=\"og:locale\" content=\"pl_PL\" \/>\n<meta property=\"og:type\" content=\"article\" \/>\n<meta property=\"og:title\" content=\"Pokemon TCG: Ascended Heroes Tech Sticker Gastly\/Mega Gengar &#187; %\" \/>\n<meta property=\"og:description\" content=\"Zestaw POK\u00c9MON TCG: MEGA EVOLUTION ASCENDED HEROES TECH STICKER GASTLY\/MEGA GENGAR To idealny wyb\u00f3r dla ka\u017cdego fana Pok\u00e9mon TCG. Ten zestaw \u0142\u0105czy w sobie elementy kolekcjonerskie i rozrywkowe, oferuj\u0105c zar\u00f3wno emocje zwi\u0105zane z otwieraniem booster\u00f3w, jak i mo\u017cliwo\u015b\u0107 wzbogacenia swojej kolekcji o unikalne naklejki. Zestaw zawiera boostery, kt\u00f3re daj\u0105 szans\u0119 na zdobycie rzadkich kart i [&hellip;]\" \/>\n<meta property=\"og:url\" content=\"https:\/\/plangry.com\/index.php\/produkt\/pokemon-tcg-ascended-heroes-tech-sticker-gastly-mega-gengar\/\" \/>\n<meta property=\"article:publisher\" content=\"https:\/\/www.facebook.com\/profile.php?id=100092112963704\" \/>\n<meta property=\"article:modified_time\" content=\"2026-04-15T12:57:47+00:00\" \/>\n<meta property=\"og:image\" content=\"https:\/\/upload.cdn.baselinker.com\/products\/5070313\/034ed55f2ffc612746b7a11c55bd0cd8.jpg\" \/>\n<meta name=\"twitter:card\" content=\"summary_large_image\" \/>\n<meta name=\"twitter:site\" content=\"@plan_gry\" \/>\n<meta name=\"twitter:label1\" content=\"Szacowany czas czytania\" \/>\n\t<meta name=\"twitter:data1\" content=\"1 minuta\" \/>\n<script type=\"application\/ld+json\" class=\"yoast-schema-graph\">{\"@context\":\"https:\/\/schema.org\",\"@graph\":[{\"@type\":\"WebPage\",\"@id\":\"https:\/\/plangry.com\/index.php\/produkt\/pokemon-tcg-ascended-heroes-tech-sticker-gastly-mega-gengar\/\",\"url\":\"https:\/\/plangry.com\/index.php\/produkt\/pokemon-tcg-ascended-heroes-tech-sticker-gastly-mega-gengar\/\",\"name\":\"Pokemon TCG: Ascended Heroes Tech Sticker Gastly\/Mega Gengar &#187; %\",\"isPartOf\":{\"@id\":\"https:\/\/plangry.com\/#website\"},\"primaryImageOfPage\":{\"@id\":\"https:\/\/plangry.com\/index.php\/produkt\/pokemon-tcg-ascended-heroes-tech-sticker-gastly-mega-gengar\/#primaryimage\"},\"image\":{\"@id\":\"https:\/\/plangry.com\/index.php\/produkt\/pokemon-tcg-ascended-heroes-tech-sticker-gastly-mega-gengar\/#primaryimage\"},\"thumbnailUrl\":\"https:\/\/plangry.com\/wp-content\/uploads\/2026\/03\/034ed55f2ffc612746b7a11c55bd0cd8.jpg\",\"datePublished\":\"2026-03-22T12:06:21+00:00\",\"dateModified\":\"2026-04-15T12:57:47+00:00\",\"breadcrumb\":{\"@id\":\"https:\/\/plangry.com\/index.php\/produkt\/pokemon-tcg-ascended-heroes-tech-sticker-gastly-mega-gengar\/#breadcrumb\"},\"inLanguage\":\"pl-PL\",\"potentialAction\":[{\"@type\":\"ReadAction\",\"target\":[\"https:\/\/plangry.com\/index.php\/produkt\/pokemon-tcg-ascended-heroes-tech-sticker-gastly-mega-gengar\/\"]}]},{\"@type\":\"ImageObject\",\"inLanguage\":\"pl-PL\",\"@id\":\"https:\/\/plangry.com\/index.php\/produkt\/pokemon-tcg-ascended-heroes-tech-sticker-gastly-mega-gengar\/#primaryimage\",\"url\":\"https:\/\/plangry.com\/wp-content\/uploads\/2026\/03\/034ed55f2ffc612746b7a11c55bd0cd8.jpg\",\"contentUrl\":\"https:\/\/plangry.com\/wp-content\/uploads\/2026\/03\/034ed55f2ffc612746b7a11c55bd0cd8.jpg\",\"width\":1008,\"height\":924,\"caption\":\"8c41d52c834ab61f0c9a20ed43796e14\"},{\"@type\":\"BreadcrumbList\",\"@id\":\"https:\/\/plangry.com\/index.php\/produkt\/pokemon-tcg-ascended-heroes-tech-sticker-gastly-mega-gengar\/#breadcrumb\",\"itemListElement\":[{\"@type\":\"ListItem\",\"position\":1,\"name\":\"Strona g\u0142\u00f3wna\",\"item\":\"https:\/\/plangry.com\/\"},{\"@type\":\"ListItem\",\"position\":2,\"name\":\"Sklep\",\"item\":\"https:\/\/plangry.com\/index.php\/sklep\/\"},{\"@type\":\"ListItem\",\"position\":3,\"name\":\"Pokemon TCG: Ascended Heroes Tech Sticker Gastly\/Mega Gengar\"}]},{\"@type\":\"WebSite\",\"@id\":\"https:\/\/plangry.com\/#website\",\"url\":\"https:\/\/plangry.com\/\",\"name\":\"Plan Gry\",\"description\":\"\",\"publisher\":{\"@id\":\"https:\/\/plangry.com\/#organization\"},\"alternateName\":\"Plan Gry\",\"potentialAction\":[{\"@type\":\"SearchAction\",\"target\":{\"@type\":\"EntryPoint\",\"urlTemplate\":\"https:\/\/plangry.com\/?s={search_term_string}\"},\"query-input\":{\"@type\":\"PropertyValueSpecification\",\"valueRequired\":true,\"valueName\":\"search_term_string\"}}],\"inLanguage\":\"pl-PL\"},{\"@type\":\"Organization\",\"@id\":\"https:\/\/plangry.com\/#organization\",\"name\":\"Plan Gry\",\"url\":\"https:\/\/plangry.com\/\",\"logo\":{\"@type\":\"ImageObject\",\"inLanguage\":\"pl-PL\",\"@id\":\"https:\/\/plangry.com\/#\/schema\/logo\/image\/\",\"url\":\"https:\/\/plangry.com\/wp-content\/uploads\/2023\/12\/cropped-White-SIgnature-Art-Studio-Logo-3-1.png\",\"contentUrl\":\"https:\/\/plangry.com\/wp-content\/uploads\/2023\/12\/cropped-White-SIgnature-Art-Studio-Logo-3-1.png\",\"width\":512,\"height\":512,\"caption\":\"Plan Gry\"},\"image\":{\"@id\":\"https:\/\/plangry.com\/#\/schema\/logo\/image\/\"},\"sameAs\":[\"https:\/\/www.facebook.com\/profile.php?id=100092112963704\",\"https:\/\/x.com\/plan_gry\",\"https:\/\/www.instagram.com\/plan_szowe_gry\/?igshid=ZDdkNTZiNTM\",\"https:\/\/www.tiktok.com\/@plan_gry?is_from_webapp=1&sender_device=pc\"]}]}<\/script>\n<!-- \/ Yoast SEO plugin. -->","yoast_head_json":{"title":"Pokemon TCG: Ascended Heroes Tech Sticker Gastly\/Mega Gengar &#187; %","robots":{"index":"index","follow":"follow","max-snippet":"max-snippet:-1","max-image-preview":"max-image-preview:large","max-video-preview":"max-video-preview:-1"},"canonical":"https:\/\/plangry.com\/index.php\/produkt\/pokemon-tcg-ascended-heroes-tech-sticker-gastly-mega-gengar\/","og_locale":"pl_PL","og_type":"article","og_title":"Pokemon TCG: Ascended Heroes Tech Sticker Gastly\/Mega Gengar &#187; %","og_description":"Zestaw POK\u00c9MON TCG: MEGA EVOLUTION ASCENDED HEROES TECH STICKER GASTLY\/MEGA GENGAR To idealny wyb\u00f3r dla ka\u017cdego fana Pok\u00e9mon TCG. Ten zestaw \u0142\u0105czy w sobie elementy kolekcjonerskie i rozrywkowe, oferuj\u0105c zar\u00f3wno emocje zwi\u0105zane z otwieraniem booster\u00f3w, jak i mo\u017cliwo\u015b\u0107 wzbogacenia swojej kolekcji o unikalne naklejki. Zestaw zawiera boostery, kt\u00f3re daj\u0105 szans\u0119 na zdobycie rzadkich kart i [&hellip;]","og_url":"https:\/\/plangry.com\/index.php\/produkt\/pokemon-tcg-ascended-heroes-tech-sticker-gastly-mega-gengar\/","article_publisher":"https:\/\/www.facebook.com\/profile.php?id=100092112963704","article_modified_time":"2026-04-15T12:57:47+00:00","og_image":[{"url":"https:\/\/upload.cdn.baselinker.com\/products\/5070313\/034ed55f2ffc612746b7a11c55bd0cd8.jpg","type":"","width":"","height":""}],"twitter_card":"summary_large_image","twitter_site":"@plan_gry","twitter_misc":{"Szacowany czas czytania":"1 minuta"},"schema":{"@context":"https:\/\/schema.org","@graph":[{"@type":"WebPage","@id":"https:\/\/plangry.com\/index.php\/produkt\/pokemon-tcg-ascended-heroes-tech-sticker-gastly-mega-gengar\/","url":"https:\/\/plangry.com\/index.php\/produkt\/pokemon-tcg-ascended-heroes-tech-sticker-gastly-mega-gengar\/","name":"Pokemon TCG: Ascended Heroes Tech Sticker Gastly\/Mega Gengar &#187; %","isPartOf":{"@id":"https:\/\/plangry.com\/#website"},"primaryImageOfPage":{"@id":"https:\/\/plangry.com\/index.php\/produkt\/pokemon-tcg-ascended-heroes-tech-sticker-gastly-mega-gengar\/#primaryimage"},"image":{"@id":"https:\/\/plangry.com\/index.php\/produkt\/pokemon-tcg-ascended-heroes-tech-sticker-gastly-mega-gengar\/#primaryimage"},"thumbnailUrl":"https:\/\/plangry.com\/wp-content\/uploads\/2026\/03\/034ed55f2ffc612746b7a11c55bd0cd8.jpg","datePublished":"2026-03-22T12:06:21+00:00","dateModified":"2026-04-15T12:57:47+00:00","breadcrumb":{"@id":"https:\/\/plangry.com\/index.php\/produkt\/pokemon-tcg-ascended-heroes-tech-sticker-gastly-mega-gengar\/#breadcrumb"},"inLanguage":"pl-PL","potentialAction":[{"@type":"ReadAction","target":["https:\/\/plangry.com\/index.php\/produkt\/pokemon-tcg-ascended-heroes-tech-sticker-gastly-mega-gengar\/"]}]},{"@type":"ImageObject","inLanguage":"pl-PL","@id":"https:\/\/plangry.com\/index.php\/produkt\/pokemon-tcg-ascended-heroes-tech-sticker-gastly-mega-gengar\/#primaryimage","url":"https:\/\/plangry.com\/wp-content\/uploads\/2026\/03\/034ed55f2ffc612746b7a11c55bd0cd8.jpg","contentUrl":"https:\/\/plangry.com\/wp-content\/uploads\/2026\/03\/034ed55f2ffc612746b7a11c55bd0cd8.jpg","width":1008,"height":924,"caption":"8c41d52c834ab61f0c9a20ed43796e14"},{"@type":"BreadcrumbList","@id":"https:\/\/plangry.com\/index.php\/produkt\/pokemon-tcg-ascended-heroes-tech-sticker-gastly-mega-gengar\/#breadcrumb","itemListElement":[{"@type":"ListItem","position":1,"name":"Strona g\u0142\u00f3wna","item":"https:\/\/plangry.com\/"},{"@type":"ListItem","position":2,"name":"Sklep","item":"https:\/\/plangry.com\/index.php\/sklep\/"},{"@type":"ListItem","position":3,"name":"Pokemon TCG: Ascended Heroes Tech Sticker Gastly\/Mega Gengar"}]},{"@type":"WebSite","@id":"https:\/\/plangry.com\/#website","url":"https:\/\/plangry.com\/","name":"Plan Gry","description":"","publisher":{"@id":"https:\/\/plangry.com\/#organization"},"alternateName":"Plan Gry","potentialAction":[{"@type":"SearchAction","target":{"@type":"EntryPoint","urlTemplate":"https:\/\/plangry.com\/?s={search_term_string}"},"query-input":{"@type":"PropertyValueSpecification","valueRequired":true,"valueName":"search_term_string"}}],"inLanguage":"pl-PL"},{"@type":"Organization","@id":"https:\/\/plangry.com\/#organization","name":"Plan Gry","url":"https:\/\/plangry.com\/","logo":{"@type":"ImageObject","inLanguage":"pl-PL","@id":"https:\/\/plangry.com\/#\/schema\/logo\/image\/","url":"https:\/\/plangry.com\/wp-content\/uploads\/2023\/12\/cropped-White-SIgnature-Art-Studio-Logo-3-1.png","contentUrl":"https:\/\/plangry.com\/wp-content\/uploads\/2023\/12\/cropped-White-SIgnature-Art-Studio-Logo-3-1.png","width":512,"height":512,"caption":"Plan Gry"},"image":{"@id":"https:\/\/plangry.com\/#\/schema\/logo\/image\/"},"sameAs":["https:\/\/www.facebook.com\/profile.php?id=100092112963704","https:\/\/x.com\/plan_gry","https:\/\/www.instagram.com\/plan_szowe_gry\/?igshid=ZDdkNTZiNTM","https:\/\/www.tiktok.com\/@plan_gry?is_from_webapp=1&sender_device=pc"]}]}},"uagb_featured_image_src":{"full":["https:\/\/plangry.com\/wp-content\/uploads\/2026\/03\/034ed55f2ffc612746b7a11c55bd0cd8.jpg",1008,924,false],"thumbnail":["https:\/\/plangry.com\/wp-content\/uploads\/2026\/03\/034ed55f2ffc612746b7a11c55bd0cd8-300x300.jpg",300,300,true],"medium":["https:\/\/plangry.com\/wp-content\/uploads\/2026\/03\/034ed55f2ffc612746b7a11c55bd0cd8-600x550.jpg",600,550,true],"medium_large":["https:\/\/plangry.com\/wp-content\/uploads\/2026\/03\/034ed55f2ffc612746b7a11c55bd0cd8-768x704.jpg",768,704,true],"large":["https:\/\/plangry.com\/wp-content\/uploads\/2026\/03\/034ed55f2ffc612746b7a11c55bd0cd8.jpg",1008,924,false],"1536x1536":["https:\/\/plangry.com\/wp-content\/uploads\/2026\/03\/034ed55f2ffc612746b7a11c55bd0cd8.jpg",1008,924,false],"2048x2048":["https:\/\/plangry.com\/wp-content\/uploads\/2026\/03\/034ed55f2ffc612746b7a11c55bd0cd8.jpg",1008,924,false],"qode_essential_addons_image_size_square":["https:\/\/plangry.com\/wp-content\/uploads\/2026\/03\/034ed55f2ffc612746b7a11c55bd0cd8-650x650.jpg",650,650,true],"qode_essential_addons_image_size_landscape":["https:\/\/plangry.com\/wp-content\/uploads\/2026\/03\/034ed55f2ffc612746b7a11c55bd0cd8-1008x650.jpg",1008,650,true],"qode_essential_addons_image_size_portrait":["https:\/\/plangry.com\/wp-content\/uploads\/2026\/03\/034ed55f2ffc612746b7a11c55bd0cd8-650x924.jpg",650,924,true],"qode_essential_addons_image_size_huge-square":["https:\/\/plangry.com\/wp-content\/uploads\/2026\/03\/034ed55f2ffc612746b7a11c55bd0cd8.jpg",1008,924,false],"woocommerce_thumbnail":["https:\/\/plangry.com\/wp-content\/uploads\/2026\/03\/034ed55f2ffc612746b7a11c55bd0cd8-600x600.jpg",600,600,true],"woocommerce_single":["https:\/\/plangry.com\/wp-content\/uploads\/2026\/03\/034ed55f2ffc612746b7a11c55bd0cd8-600x550.jpg",600,550,true],"woocommerce_gallery_thumbnail":["https:\/\/plangry.com\/wp-content\/uploads\/2026\/03\/034ed55f2ffc612746b7a11c55bd0cd8-100x100.jpg",100,100,true]},"uagb_author_info":{"display_name":"admin","author_link":"https:\/\/plangry.com\/index.php\/author\/"},"uagb_comment_info":0,"uagb_excerpt":"Zestaw POK\u00c9MON TCG: MEGA EVOLUTION ASCENDED HEROES TECH STICKER GASTLY\/MEGA GENGAR To idealny wyb\u00f3r dla ka\u017cdego fana Pok\u00e9mon TCG. Ten zestaw \u0142\u0105czy w sobie elementy kolekcjonerskie i rozrywkowe, oferuj\u0105c zar\u00f3wno emocje zwi\u0105zane z otwieraniem booster\u00f3w, jak i mo\u017cliwo\u015b\u0107 wzbogacenia swojej kolekcji o unikalne naklejki. Zestaw zawiera boostery, kt\u00f3re daj\u0105 szans\u0119 na zdobycie rzadkich kart i&hellip;","jetpack_sharing_enabled":true,"_links":{"self":[{"href":"https:\/\/plangry.com\/index.php\/wp-json\/wp\/v2\/product\/4769","targetHints":{"allow":["GET"]}}],"collection":[{"href":"https:\/\/plangry.com\/index.php\/wp-json\/wp\/v2\/product"}],"about":[{"href":"https:\/\/plangry.com\/index.php\/wp-json\/wp\/v2\/types\/product"}],"replies":[{"embeddable":true,"href":"https:\/\/plangry.com\/index.php\/wp-json\/wp\/v2\/comments?post=4769"}],"wp:featuredmedia":[{"embeddable":true,"href":"https:\/\/plangry.com\/index.php\/wp-json\/wp\/v2\/media\/4764"}],"wp:attachment":[{"href":"https:\/\/plangry.com\/index.php\/wp-json\/wp\/v2\/media?parent=4769"}],"wp:term":[{"taxonomy":"product_brand","embeddable":true,"href":"https:\/\/plangry.com\/index.php\/wp-json\/wp\/v2\/product_brand?post=4769"},{"taxonomy":"product_cat","embeddable":true,"href":"https:\/\/plangry.com\/index.php\/wp-json\/wp\/v2\/product_cat?post=4769"},{"taxonomy":"product_tag","embeddable":true,"href":"https:\/\/plangry.com\/index.php\/wp-json\/wp\/v2\/product_tag?post=4769"}],"curies":[{"name":"wp","href":"https:\/\/api.w.org\/{rel}","templated":true}]}}