{"id":4775,"date":"2026-03-22T13:06:38","date_gmt":"2026-03-22T12:06:38","guid":{"rendered":"https:\/\/plangry.com\/index.php\/produkt\/pokemon-tcg-ascended-heroes-tech-sticker-charmander-mega-charizard-y\/"},"modified":"2026-04-24T21:52:03","modified_gmt":"2026-04-24T19:52:03","slug":"pokemon-tcg-ascended-heroes-tech-sticker-charmander-mega-charizard-y","status":"publish","type":"product","link":"https:\/\/plangry.com\/index.php\/produkt\/pokemon-tcg-ascended-heroes-tech-sticker-charmander-mega-charizard-y\/","title":{"rendered":"Pok\u00e9mon TCG: Ascended Heroes Tech Sticker Charmander Mega Charizard Y"},"content":{"rendered":"<section class=\"section\">\n<div class=\"item item-12\">\n<section class=\"text-item\">\n<h1>Zestaw kolekcjonerski POK\u00c9MON TCG MEGA EVOLUTION ASCENDED HEROES<\/h1>\n<p>Zestaw kolekcjonerski POK\u00c9MON TCG MEGA EVOLUTION ASCENDED HEROES to idealny wyb\u00f3r dla ka\u017cdego fana Pok\u00e9mon\u00f3w. Zestaw zawiera boostery, kt\u00f3re pozwalaj\u0105 na rozbudow\u0119 kolekcji kart i odkrywanie nowych mo\u017cliwo\u015bci w grze.<\/p>\n<p>Zestaw zosta\u0142 stworzony przez The Pokemon Company International, gwarantuj\u0105c wysok\u0105 jako\u015b\u0107 wykonania i autentyczno\u015b\u0107. Boostery zawieraj\u0105 losowy zestaw kart, co sprawia, \u017ce otwieranie ka\u017cdego z nich to ekscytuj\u0105ce do\u015bwiadczenie. Zestaw jest doskona\u0142ym prezentem dla kolekcjoner\u00f3w i graczy, kt\u00f3rzy chc\u0105 poszerzy\u0107 swoje mo\u017cliwo\u015bci.<\/p>\n<p>Podsumowuj\u0105c, zestaw kolekcjonerski POK\u00c9MON TCG MEGA EVOLUTION ASCENDED HEROES to doskona\u0142y spos\u00f3b na rozpocz\u0119cie lub rozbudow\u0119 kolekcji kart Pok\u00e9mon. Zapewnia on godziny zabawy i emocji, a tak\u017ce mo\u017cliwo\u015b\u0107 rywalizacji z innymi graczami.<\/p>\n<p>Jeden zestaw&nbsp;<b>Pok\u00e9mon TCG: Mega Evolution &#8211; Ascended Heroes &#8211; Tech Sticker Collection<\/b>&nbsp;zawiera:<\/p>\n<ul>\n<li>1 po\u0142yskuj\u0105c\u0105 kart\u0119 promo z Charmanderem lub Gastlym<\/li>\n<li>1 arkusz tech stickers<\/li>\n<li>3 boostery&nbsp;<b>Pok\u00e9mon TCG: Mega Evolution &#8211; Ascended Heroes<\/b><\/li>\n<\/ul>\n<\/section><\/div>\n<\/section>\n","protected":false},"excerpt":{"rendered":"<p>Zestaw kolekcjonerski POK\u00c9MON TCG MEGA EVOLUTION ASCENDED HEROES Zestaw kolekcjonerski POK\u00c9MON TCG MEGA EVOLUTION ASCENDED HEROES to idealny wyb\u00f3r dla ka\u017cdego fana Pok\u00e9mon\u00f3w. Zestaw zawiera boostery, kt\u00f3re pozwalaj\u0105 na rozbudow\u0119 kolekcji kart i odkrywanie nowych mo\u017cliwo\u015bci w grze. Zestaw zosta\u0142 stworzony przez The Pokemon Company International, gwarantuj\u0105c wysok\u0105 jako\u015b\u0107 wykonania i autentyczno\u015b\u0107. Boostery zawieraj\u0105 losowy [&hellip;]<\/p>\n","protected":false},"featured_media":4770,"comment_status":"open","ping_status":"closed","template":"","meta":{"_uag_custom_page_level_css":"","site-sidebar-layout":"default","site-content-layout":"","ast-site-content-layout":"default","site-content-style":"default","site-sidebar-style":"default","ast-global-header-display":"","ast-banner-title-visibility":"","ast-main-header-display":"","ast-hfb-above-header-display":"","ast-hfb-below-header-display":"","ast-hfb-mobile-header-display":"","site-post-title":"","ast-breadcrumbs-content":"","ast-featured-img":"","footer-sml-layout":"","ast-disable-related-posts":"","theme-transparent-header-meta":"","adv-header-id-meta":"","stick-header-meta":"","header-above-stick-meta":"","header-main-stick-meta":"","header-below-stick-meta":"","astra-migrate-meta-layouts":"default","ast-page-background-enabled":"default","ast-page-background-meta":{"desktop":{"background-color":"","background-image":"","background-repeat":"repeat","background-position":"center center","background-size":"auto","background-attachment":"scroll","background-type":"","background-media":"","overlay-type":"","overlay-color":"","overlay-opacity":"","overlay-gradient":""},"tablet":{"background-color":"","background-image":"","background-repeat":"repeat","background-position":"center center","background-size":"auto","background-attachment":"scroll","background-type":"","background-media":"","overlay-type":"","overlay-color":"","overlay-opacity":"","overlay-gradient":""},"mobile":{"background-color":"","background-image":"","background-repeat":"repeat","background-position":"center center","background-size":"auto","background-attachment":"scroll","background-type":"","background-media":"","overlay-type":"","overlay-color":"","overlay-opacity":"","overlay-gradient":""}},"ast-content-background-meta":{"desktop":{"background-color":"var(--ast-global-color-5)","background-image":"","background-repeat":"repeat","background-position":"center center","background-size":"auto","background-attachment":"scroll","background-type":"","background-media":"","overlay-type":"","overlay-color":"","overlay-opacity":"","overlay-gradient":""},"tablet":{"background-color":"var(--ast-global-color-5)","background-image":"","background-repeat":"repeat","background-position":"center center","background-size":"auto","background-attachment":"scroll","background-type":"","background-media":"","overlay-type":"","overlay-color":"","overlay-opacity":"","overlay-gradient":""},"mobile":{"background-color":"var(--ast-global-color-5)","background-image":"","background-repeat":"repeat","background-position":"center center","background-size":"auto","background-attachment":"scroll","background-type":"","background-media":"","overlay-type":"","overlay-color":"","overlay-opacity":"","overlay-gradient":""}}},"product_brand":[],"product_cat":[19],"product_tag":[],"class_list":{"0":"post-4775","1":"product","2":"type-product","3":"status-publish","4":"has-post-thumbnail","6":"product_cat-pokemon-tcg","7":"desktop-align-center","8":"tablet-align-left","9":"mobile-align-left","11":"first","12":"outofstock","13":"taxable","14":"shipping-taxable","15":"purchasable","16":"product-type-simple"},"yoast_head":"<!-- This site is optimized with the Yoast SEO plugin v27.2 - https:\/\/yoast.com\/product\/yoast-seo-wordpress\/ -->\n<title>Pok\u00e9mon TCG: Ascended Heroes Tech Sticker Charmander Mega Charizard Y &#187; %<\/title>\n<meta name=\"robots\" content=\"index, follow, max-snippet:-1, max-image-preview:large, max-video-preview:-1\" \/>\n<link rel=\"canonical\" href=\"https:\/\/plangry.com\/index.php\/produkt\/pokemon-tcg-ascended-heroes-tech-sticker-charmander-mega-charizard-y\/\" \/>\n<meta property=\"og:locale\" content=\"pl_PL\" \/>\n<meta property=\"og:type\" content=\"article\" \/>\n<meta property=\"og:title\" content=\"Pok\u00e9mon TCG: Ascended Heroes Tech Sticker Charmander Mega Charizard Y &#187; %\" \/>\n<meta property=\"og:description\" content=\"Zestaw kolekcjonerski POK\u00c9MON TCG MEGA EVOLUTION ASCENDED HEROES Zestaw kolekcjonerski POK\u00c9MON TCG MEGA EVOLUTION ASCENDED HEROES to idealny wyb\u00f3r dla ka\u017cdego fana Pok\u00e9mon\u00f3w. Zestaw zawiera boostery, kt\u00f3re pozwalaj\u0105 na rozbudow\u0119 kolekcji kart i odkrywanie nowych mo\u017cliwo\u015bci w grze. Zestaw zosta\u0142 stworzony przez The Pokemon Company International, gwarantuj\u0105c wysok\u0105 jako\u015b\u0107 wykonania i autentyczno\u015b\u0107. Boostery zawieraj\u0105 losowy [&hellip;]\" \/>\n<meta property=\"og:url\" content=\"https:\/\/plangry.com\/index.php\/produkt\/pokemon-tcg-ascended-heroes-tech-sticker-charmander-mega-charizard-y\/\" \/>\n<meta property=\"article:publisher\" content=\"https:\/\/www.facebook.com\/profile.php?id=100092112963704\" \/>\n<meta property=\"article:modified_time\" content=\"2026-04-24T19:52:03+00:00\" \/>\n<meta property=\"og:image\" content=\"https:\/\/plangry.com\/wp-content\/uploads\/2023\/12\/GRY-3photoAid-removed-background.png\" \/>\n\t<meta property=\"og:image:width\" content=\"1600\" \/>\n\t<meta property=\"og:image:height\" content=\"901\" \/>\n\t<meta property=\"og:image:type\" content=\"image\/png\" \/>\n<meta name=\"twitter:card\" content=\"summary_large_image\" \/>\n<meta name=\"twitter:site\" content=\"@plan_gry\" \/>\n<meta name=\"twitter:label1\" content=\"Szacowany czas czytania\" \/>\n\t<meta name=\"twitter:data1\" content=\"1 minuta\" \/>\n<script type=\"application\/ld+json\" class=\"yoast-schema-graph\">{\"@context\":\"https:\/\/schema.org\",\"@graph\":[{\"@type\":\"WebPage\",\"@id\":\"https:\/\/plangry.com\/index.php\/produkt\/pokemon-tcg-ascended-heroes-tech-sticker-charmander-mega-charizard-y\/\",\"url\":\"https:\/\/plangry.com\/index.php\/produkt\/pokemon-tcg-ascended-heroes-tech-sticker-charmander-mega-charizard-y\/\",\"name\":\"Pok\u00e9mon TCG: Ascended Heroes Tech Sticker Charmander Mega Charizard Y &#187; %\",\"isPartOf\":{\"@id\":\"https:\/\/plangry.com\/#website\"},\"primaryImageOfPage\":{\"@id\":\"https:\/\/plangry.com\/index.php\/produkt\/pokemon-tcg-ascended-heroes-tech-sticker-charmander-mega-charizard-y\/#primaryimage\"},\"image\":{\"@id\":\"https:\/\/plangry.com\/index.php\/produkt\/pokemon-tcg-ascended-heroes-tech-sticker-charmander-mega-charizard-y\/#primaryimage\"},\"thumbnailUrl\":\"https:\/\/plangry.com\/wp-content\/uploads\/2026\/03\/a4508153028bdac2f0a582e7a3f8fe3e.jpg\",\"datePublished\":\"2026-03-22T12:06:38+00:00\",\"dateModified\":\"2026-04-24T19:52:03+00:00\",\"breadcrumb\":{\"@id\":\"https:\/\/plangry.com\/index.php\/produkt\/pokemon-tcg-ascended-heroes-tech-sticker-charmander-mega-charizard-y\/#breadcrumb\"},\"inLanguage\":\"pl-PL\",\"potentialAction\":[{\"@type\":\"ReadAction\",\"target\":[\"https:\/\/plangry.com\/index.php\/produkt\/pokemon-tcg-ascended-heroes-tech-sticker-charmander-mega-charizard-y\/\"]}]},{\"@type\":\"ImageObject\",\"inLanguage\":\"pl-PL\",\"@id\":\"https:\/\/plangry.com\/index.php\/produkt\/pokemon-tcg-ascended-heroes-tech-sticker-charmander-mega-charizard-y\/#primaryimage\",\"url\":\"https:\/\/plangry.com\/wp-content\/uploads\/2026\/03\/a4508153028bdac2f0a582e7a3f8fe3e.jpg\",\"contentUrl\":\"https:\/\/plangry.com\/wp-content\/uploads\/2026\/03\/a4508153028bdac2f0a582e7a3f8fe3e.jpg\",\"width\":1200,\"height\":1101,\"caption\":\"74ed0314995e1e603694fb5ba2a5fe31\"},{\"@type\":\"BreadcrumbList\",\"@id\":\"https:\/\/plangry.com\/index.php\/produkt\/pokemon-tcg-ascended-heroes-tech-sticker-charmander-mega-charizard-y\/#breadcrumb\",\"itemListElement\":[{\"@type\":\"ListItem\",\"position\":1,\"name\":\"Strona g\u0142\u00f3wna\",\"item\":\"https:\/\/plangry.com\/\"},{\"@type\":\"ListItem\",\"position\":2,\"name\":\"Sklep\",\"item\":\"https:\/\/plangry.com\/index.php\/sklep\/\"},{\"@type\":\"ListItem\",\"position\":3,\"name\":\"Pok\u00e9mon TCG: Ascended Heroes Tech Sticker Charmander Mega Charizard Y\"}]},{\"@type\":\"WebSite\",\"@id\":\"https:\/\/plangry.com\/#website\",\"url\":\"https:\/\/plangry.com\/\",\"name\":\"Plan Gry\",\"description\":\"\",\"publisher\":{\"@id\":\"https:\/\/plangry.com\/#organization\"},\"alternateName\":\"Plan Gry\",\"potentialAction\":[{\"@type\":\"SearchAction\",\"target\":{\"@type\":\"EntryPoint\",\"urlTemplate\":\"https:\/\/plangry.com\/?s={search_term_string}\"},\"query-input\":{\"@type\":\"PropertyValueSpecification\",\"valueRequired\":true,\"valueName\":\"search_term_string\"}}],\"inLanguage\":\"pl-PL\"},{\"@type\":\"Organization\",\"@id\":\"https:\/\/plangry.com\/#organization\",\"name\":\"Plan Gry\",\"url\":\"https:\/\/plangry.com\/\",\"logo\":{\"@type\":\"ImageObject\",\"inLanguage\":\"pl-PL\",\"@id\":\"https:\/\/plangry.com\/#\/schema\/logo\/image\/\",\"url\":\"https:\/\/plangry.com\/wp-content\/uploads\/2023\/12\/cropped-White-SIgnature-Art-Studio-Logo-3-1.png\",\"contentUrl\":\"https:\/\/plangry.com\/wp-content\/uploads\/2023\/12\/cropped-White-SIgnature-Art-Studio-Logo-3-1.png\",\"width\":512,\"height\":512,\"caption\":\"Plan Gry\"},\"image\":{\"@id\":\"https:\/\/plangry.com\/#\/schema\/logo\/image\/\"},\"sameAs\":[\"https:\/\/www.facebook.com\/profile.php?id=100092112963704\",\"https:\/\/x.com\/plan_gry\",\"https:\/\/www.instagram.com\/plan_szowe_gry\/?igshid=ZDdkNTZiNTM\",\"https:\/\/www.tiktok.com\/@plan_gry?is_from_webapp=1&sender_device=pc\"]}]}<\/script>\n<!-- \/ Yoast SEO plugin. -->","yoast_head_json":{"title":"Pok\u00e9mon TCG: Ascended Heroes Tech Sticker Charmander Mega Charizard Y &#187; %","robots":{"index":"index","follow":"follow","max-snippet":"max-snippet:-1","max-image-preview":"max-image-preview:large","max-video-preview":"max-video-preview:-1"},"canonical":"https:\/\/plangry.com\/index.php\/produkt\/pokemon-tcg-ascended-heroes-tech-sticker-charmander-mega-charizard-y\/","og_locale":"pl_PL","og_type":"article","og_title":"Pok\u00e9mon TCG: Ascended Heroes Tech Sticker Charmander Mega Charizard Y &#187; %","og_description":"Zestaw kolekcjonerski POK\u00c9MON TCG MEGA EVOLUTION ASCENDED HEROES Zestaw kolekcjonerski POK\u00c9MON TCG MEGA EVOLUTION ASCENDED HEROES to idealny wyb\u00f3r dla ka\u017cdego fana Pok\u00e9mon\u00f3w. Zestaw zawiera boostery, kt\u00f3re pozwalaj\u0105 na rozbudow\u0119 kolekcji kart i odkrywanie nowych mo\u017cliwo\u015bci w grze. Zestaw zosta\u0142 stworzony przez The Pokemon Company International, gwarantuj\u0105c wysok\u0105 jako\u015b\u0107 wykonania i autentyczno\u015b\u0107. Boostery zawieraj\u0105 losowy [&hellip;]","og_url":"https:\/\/plangry.com\/index.php\/produkt\/pokemon-tcg-ascended-heroes-tech-sticker-charmander-mega-charizard-y\/","article_publisher":"https:\/\/www.facebook.com\/profile.php?id=100092112963704","article_modified_time":"2026-04-24T19:52:03+00:00","og_image":[{"width":1600,"height":901,"url":"https:\/\/plangry.com\/wp-content\/uploads\/2023\/12\/GRY-3photoAid-removed-background.png","type":"image\/png"}],"twitter_card":"summary_large_image","twitter_site":"@plan_gry","twitter_misc":{"Szacowany czas czytania":"1 minuta"},"schema":{"@context":"https:\/\/schema.org","@graph":[{"@type":"WebPage","@id":"https:\/\/plangry.com\/index.php\/produkt\/pokemon-tcg-ascended-heroes-tech-sticker-charmander-mega-charizard-y\/","url":"https:\/\/plangry.com\/index.php\/produkt\/pokemon-tcg-ascended-heroes-tech-sticker-charmander-mega-charizard-y\/","name":"Pok\u00e9mon TCG: Ascended Heroes Tech Sticker Charmander Mega Charizard Y &#187; %","isPartOf":{"@id":"https:\/\/plangry.com\/#website"},"primaryImageOfPage":{"@id":"https:\/\/plangry.com\/index.php\/produkt\/pokemon-tcg-ascended-heroes-tech-sticker-charmander-mega-charizard-y\/#primaryimage"},"image":{"@id":"https:\/\/plangry.com\/index.php\/produkt\/pokemon-tcg-ascended-heroes-tech-sticker-charmander-mega-charizard-y\/#primaryimage"},"thumbnailUrl":"https:\/\/plangry.com\/wp-content\/uploads\/2026\/03\/a4508153028bdac2f0a582e7a3f8fe3e.jpg","datePublished":"2026-03-22T12:06:38+00:00","dateModified":"2026-04-24T19:52:03+00:00","breadcrumb":{"@id":"https:\/\/plangry.com\/index.php\/produkt\/pokemon-tcg-ascended-heroes-tech-sticker-charmander-mega-charizard-y\/#breadcrumb"},"inLanguage":"pl-PL","potentialAction":[{"@type":"ReadAction","target":["https:\/\/plangry.com\/index.php\/produkt\/pokemon-tcg-ascended-heroes-tech-sticker-charmander-mega-charizard-y\/"]}]},{"@type":"ImageObject","inLanguage":"pl-PL","@id":"https:\/\/plangry.com\/index.php\/produkt\/pokemon-tcg-ascended-heroes-tech-sticker-charmander-mega-charizard-y\/#primaryimage","url":"https:\/\/plangry.com\/wp-content\/uploads\/2026\/03\/a4508153028bdac2f0a582e7a3f8fe3e.jpg","contentUrl":"https:\/\/plangry.com\/wp-content\/uploads\/2026\/03\/a4508153028bdac2f0a582e7a3f8fe3e.jpg","width":1200,"height":1101,"caption":"74ed0314995e1e603694fb5ba2a5fe31"},{"@type":"BreadcrumbList","@id":"https:\/\/plangry.com\/index.php\/produkt\/pokemon-tcg-ascended-heroes-tech-sticker-charmander-mega-charizard-y\/#breadcrumb","itemListElement":[{"@type":"ListItem","position":1,"name":"Strona g\u0142\u00f3wna","item":"https:\/\/plangry.com\/"},{"@type":"ListItem","position":2,"name":"Sklep","item":"https:\/\/plangry.com\/index.php\/sklep\/"},{"@type":"ListItem","position":3,"name":"Pok\u00e9mon TCG: Ascended Heroes Tech Sticker Charmander Mega Charizard Y"}]},{"@type":"WebSite","@id":"https:\/\/plangry.com\/#website","url":"https:\/\/plangry.com\/","name":"Plan Gry","description":"","publisher":{"@id":"https:\/\/plangry.com\/#organization"},"alternateName":"Plan Gry","potentialAction":[{"@type":"SearchAction","target":{"@type":"EntryPoint","urlTemplate":"https:\/\/plangry.com\/?s={search_term_string}"},"query-input":{"@type":"PropertyValueSpecification","valueRequired":true,"valueName":"search_term_string"}}],"inLanguage":"pl-PL"},{"@type":"Organization","@id":"https:\/\/plangry.com\/#organization","name":"Plan Gry","url":"https:\/\/plangry.com\/","logo":{"@type":"ImageObject","inLanguage":"pl-PL","@id":"https:\/\/plangry.com\/#\/schema\/logo\/image\/","url":"https:\/\/plangry.com\/wp-content\/uploads\/2023\/12\/cropped-White-SIgnature-Art-Studio-Logo-3-1.png","contentUrl":"https:\/\/plangry.com\/wp-content\/uploads\/2023\/12\/cropped-White-SIgnature-Art-Studio-Logo-3-1.png","width":512,"height":512,"caption":"Plan Gry"},"image":{"@id":"https:\/\/plangry.com\/#\/schema\/logo\/image\/"},"sameAs":["https:\/\/www.facebook.com\/profile.php?id=100092112963704","https:\/\/x.com\/plan_gry","https:\/\/www.instagram.com\/plan_szowe_gry\/?igshid=ZDdkNTZiNTM","https:\/\/www.tiktok.com\/@plan_gry?is_from_webapp=1&sender_device=pc"]}]}},"uagb_featured_image_src":{"full":["https:\/\/plangry.com\/wp-content\/uploads\/2026\/03\/a4508153028bdac2f0a582e7a3f8fe3e.jpg",1200,1101,false],"thumbnail":["https:\/\/plangry.com\/wp-content\/uploads\/2026\/03\/a4508153028bdac2f0a582e7a3f8fe3e-300x300.jpg",300,300,true],"medium":["https:\/\/plangry.com\/wp-content\/uploads\/2026\/03\/a4508153028bdac2f0a582e7a3f8fe3e-600x551.jpg",600,551,true],"medium_large":["https:\/\/plangry.com\/wp-content\/uploads\/2026\/03\/a4508153028bdac2f0a582e7a3f8fe3e-768x705.jpg",768,705,true],"large":["https:\/\/plangry.com\/wp-content\/uploads\/2026\/03\/a4508153028bdac2f0a582e7a3f8fe3e-1024x940.jpg",1024,940,true],"1536x1536":["https:\/\/plangry.com\/wp-content\/uploads\/2026\/03\/a4508153028bdac2f0a582e7a3f8fe3e.jpg",1200,1101,false],"2048x2048":["https:\/\/plangry.com\/wp-content\/uploads\/2026\/03\/a4508153028bdac2f0a582e7a3f8fe3e.jpg",1200,1101,false],"qode_essential_addons_image_size_square":["https:\/\/plangry.com\/wp-content\/uploads\/2026\/03\/a4508153028bdac2f0a582e7a3f8fe3e-650x650.jpg",650,650,true],"qode_essential_addons_image_size_landscape":["https:\/\/plangry.com\/wp-content\/uploads\/2026\/03\/a4508153028bdac2f0a582e7a3f8fe3e-1200x650.jpg",1200,650,true],"qode_essential_addons_image_size_portrait":["https:\/\/plangry.com\/wp-content\/uploads\/2026\/03\/a4508153028bdac2f0a582e7a3f8fe3e-650x1101.jpg",650,1101,true],"qode_essential_addons_image_size_huge-square":["https:\/\/plangry.com\/wp-content\/uploads\/2026\/03\/a4508153028bdac2f0a582e7a3f8fe3e.jpg",1200,1101,false],"woocommerce_thumbnail":["https:\/\/plangry.com\/wp-content\/uploads\/2026\/03\/a4508153028bdac2f0a582e7a3f8fe3e-600x600.jpg",600,600,true],"woocommerce_single":["https:\/\/plangry.com\/wp-content\/uploads\/2026\/03\/a4508153028bdac2f0a582e7a3f8fe3e-600x551.jpg",600,551,true],"woocommerce_gallery_thumbnail":["https:\/\/plangry.com\/wp-content\/uploads\/2026\/03\/a4508153028bdac2f0a582e7a3f8fe3e-100x100.jpg",100,100,true]},"uagb_author_info":{"display_name":"admin","author_link":"https:\/\/plangry.com\/index.php\/author\/"},"uagb_comment_info":0,"uagb_excerpt":"Zestaw kolekcjonerski POK\u00c9MON TCG MEGA EVOLUTION ASCENDED HEROES Zestaw kolekcjonerski POK\u00c9MON TCG MEGA EVOLUTION ASCENDED HEROES to idealny wyb\u00f3r dla ka\u017cdego fana Pok\u00e9mon\u00f3w. Zestaw zawiera boostery, kt\u00f3re pozwalaj\u0105 na rozbudow\u0119 kolekcji kart i odkrywanie nowych mo\u017cliwo\u015bci w grze. Zestaw zosta\u0142 stworzony przez The Pokemon Company International, gwarantuj\u0105c wysok\u0105 jako\u015b\u0107 wykonania i autentyczno\u015b\u0107. Boostery zawieraj\u0105 losowy&hellip;","jetpack_sharing_enabled":true,"_links":{"self":[{"href":"https:\/\/plangry.com\/index.php\/wp-json\/wp\/v2\/product\/4775","targetHints":{"allow":["GET"]}}],"collection":[{"href":"https:\/\/plangry.com\/index.php\/wp-json\/wp\/v2\/product"}],"about":[{"href":"https:\/\/plangry.com\/index.php\/wp-json\/wp\/v2\/types\/product"}],"replies":[{"embeddable":true,"href":"https:\/\/plangry.com\/index.php\/wp-json\/wp\/v2\/comments?post=4775"}],"wp:featuredmedia":[{"embeddable":true,"href":"https:\/\/plangry.com\/index.php\/wp-json\/wp\/v2\/media\/4770"}],"wp:attachment":[{"href":"https:\/\/plangry.com\/index.php\/wp-json\/wp\/v2\/media?parent=4775"}],"wp:term":[{"taxonomy":"product_brand","embeddable":true,"href":"https:\/\/plangry.com\/index.php\/wp-json\/wp\/v2\/product_brand?post=4775"},{"taxonomy":"product_cat","embeddable":true,"href":"https:\/\/plangry.com\/index.php\/wp-json\/wp\/v2\/product_cat?post=4775"},{"taxonomy":"product_tag","embeddable":true,"href":"https:\/\/plangry.com\/index.php\/wp-json\/wp\/v2\/product_tag?post=4775"}],"curies":[{"name":"wp","href":"https:\/\/api.w.org\/{rel}","templated":true}]}}