{"id":4810,"date":"2026-03-22T13:08:57","date_gmt":"2026-03-22T12:08:57","guid":{"rendered":"https:\/\/plangry.com\/index.php\/produkt\/pokemon-tcg-2026-pokemon-day-collection\/"},"modified":"2026-03-22T13:08:57","modified_gmt":"2026-03-22T12:08:57","slug":"pokemon-tcg-2026-pokemon-day-collection","status":"publish","type":"product","link":"https:\/\/plangry.com\/index.php\/produkt\/pokemon-tcg-2026-pokemon-day-collection\/","title":{"rendered":"POK\u00c9MON TCG: 2026 POK\u00c9MON DAY COLLECTION"},"content":{"rendered":"<section class=\"section\">\n<div class=\"item item-12\">\n<section class=\"text-item\">\n<h1>Zestaw POK\u00c9MON TCG: 2026 POK\u00c9MON DAY COLLECTION<\/h1>\n<p>Zestaw POK\u00c9MON TCG: 2026 POK\u00c9MON DAY COLLECTION to idealny wyb\u00f3r dla ka\u017cdego fana i kolekcjonera kart Pok\u00e9mon. Ten wyj\u0105tkowy zestaw \u0142\u0105czy w sobie elementy kolekcjonerskie i rozrywkowe, oferuj\u0105c wszystko, czego potrzebujesz, aby rozpocz\u0105\u0107 lub poszerzy\u0107 swoj\u0105 kolekcj\u0119.<\/p>\n<p>Zestaw zawiera boostery, kt\u00f3re pozwalaj\u0105 na odkrywanie nowych kart i rozwijanie swojej talii. To doskona\u0142a okazja do zdobycia rzadkich i cennych kart, kt\u00f3re wzbogac\u0105 Twoj\u0105 kolekcj\u0119. Zestaw jest idealny zar\u00f3wno dla pocz\u0105tkuj\u0105cych, jak i zaawansowanych graczy, oferuj\u0105c emocje zwi\u0105zane z otwieraniem booster\u00f3w i odkrywaniem nowych kart.<\/p>\n<p><b>\u015awi\u0119tuj z nami 30 lat gry Pok\u00e9mon!<\/b><\/p>\n<p>27 lutego fani Pok\u00e9mon z ca\u0142ego \u015bwiata obchodz\u0105 Pok\u00e9mon Day, by uczci\u0107 wypuszczenie na japo\u0144ski rynek pierwszej gry video z serii Pok\u00e9mon. Tegoroczne \u015bwi\u0119to jest wyj\u0105tkowe, poniewa\u017c obchodzimy okr\u0105g\u0142\u0105 30-st\u0105 rocznic\u0119 &#8211; szykuj si\u0119 na imprez\u0119!<\/p>\n<p>\u015awi\u0119tuj Pok\u00e9mon Day z wyj\u0105tkow\u0105 kart\u0105 promo foil ze specjalnym 'stemplem&#8217;, metaliczn\u0105 monet\u0105 przedstawiaj\u0105c\u0105 logo 30-stej rocznicy Pok\u00e9mon i 3 paczkami booster\u00f3w z r\u00f3\u017cnych dodatk\u00f3w Pok\u00e9mon TCG.<\/p>\n<\/section><\/div>\n<\/section>\n<section class=\"section\">\n<div class=\"item item-12\">\n<section class=\"image-item\"><img decoding=\"async\" src=\"https:\/\/upload.cdn.baselinker.com\/products\/5070313\/63c02f33e8d0ba44fedb1e2c55f68f8a.jpg\" \/><\/section>\n<\/p><\/div>\n<\/section>\n","protected":false},"excerpt":{"rendered":"<p>Zestaw POK\u00c9MON TCG: 2026 POK\u00c9MON DAY COLLECTION Zestaw POK\u00c9MON TCG: 2026 POK\u00c9MON DAY COLLECTION to idealny wyb\u00f3r dla ka\u017cdego fana i kolekcjonera kart Pok\u00e9mon. Ten wyj\u0105tkowy zestaw \u0142\u0105czy w sobie elementy kolekcjonerskie i rozrywkowe, oferuj\u0105c wszystko, czego potrzebujesz, aby rozpocz\u0105\u0107 lub poszerzy\u0107 swoj\u0105 kolekcj\u0119. Zestaw zawiera boostery, kt\u00f3re pozwalaj\u0105 na odkrywanie nowych kart i rozwijanie [&hellip;]<\/p>\n","protected":false},"featured_media":4798,"comment_status":"open","ping_status":"closed","template":"","meta":{"_uag_custom_page_level_css":"","site-sidebar-layout":"default","site-content-layout":"","ast-site-content-layout":"default","site-content-style":"default","site-sidebar-style":"default","ast-global-header-display":"","ast-banner-title-visibility":"","ast-main-header-display":"","ast-hfb-above-header-display":"","ast-hfb-below-header-display":"","ast-hfb-mobile-header-display":"","site-post-title":"","ast-breadcrumbs-content":"","ast-featured-img":"","footer-sml-layout":"","ast-disable-related-posts":"","theme-transparent-header-meta":"","adv-header-id-meta":"","stick-header-meta":"","header-above-stick-meta":"","header-main-stick-meta":"","header-below-stick-meta":"","astra-migrate-meta-layouts":"default","ast-page-background-enabled":"default","ast-page-background-meta":{"desktop":{"background-color":"","background-image":"","background-repeat":"repeat","background-position":"center center","background-size":"auto","background-attachment":"scroll","background-type":"","background-media":"","overlay-type":"","overlay-color":"","overlay-opacity":"","overlay-gradient":""},"tablet":{"background-color":"","background-image":"","background-repeat":"repeat","background-position":"center center","background-size":"auto","background-attachment":"scroll","background-type":"","background-media":"","overlay-type":"","overlay-color":"","overlay-opacity":"","overlay-gradient":""},"mobile":{"background-color":"","background-image":"","background-repeat":"repeat","background-position":"center center","background-size":"auto","background-attachment":"scroll","background-type":"","background-media":"","overlay-type":"","overlay-color":"","overlay-opacity":"","overlay-gradient":""}},"ast-content-background-meta":{"desktop":{"background-color":"var(--ast-global-color-5)","background-image":"","background-repeat":"repeat","background-position":"center center","background-size":"auto","background-attachment":"scroll","background-type":"","background-media":"","overlay-type":"","overlay-color":"","overlay-opacity":"","overlay-gradient":""},"tablet":{"background-color":"var(--ast-global-color-5)","background-image":"","background-repeat":"repeat","background-position":"center center","background-size":"auto","background-attachment":"scroll","background-type":"","background-media":"","overlay-type":"","overlay-color":"","overlay-opacity":"","overlay-gradient":""},"mobile":{"background-color":"var(--ast-global-color-5)","background-image":"","background-repeat":"repeat","background-position":"center center","background-size":"auto","background-attachment":"scroll","background-type":"","background-media":"","overlay-type":"","overlay-color":"","overlay-opacity":"","overlay-gradient":""}}},"product_brand":[],"product_cat":[19],"product_tag":[],"class_list":{"0":"post-4810","1":"product","2":"type-product","3":"status-publish","4":"has-post-thumbnail","6":"product_cat-pokemon-tcg","7":"desktop-align-center","8":"tablet-align-left","9":"mobile-align-left","11":"first","12":"instock","13":"taxable","14":"shipping-taxable","15":"purchasable","16":"product-type-simple"},"yoast_head":"<!-- This site is optimized with the Yoast SEO plugin v27.2 - https:\/\/yoast.com\/product\/yoast-seo-wordpress\/ -->\n<title>POK\u00c9MON TCG: 2026 POK\u00c9MON DAY COLLECTION &#187; %<\/title>\n<meta name=\"robots\" content=\"index, follow, max-snippet:-1, max-image-preview:large, max-video-preview:-1\" \/>\n<link rel=\"canonical\" href=\"https:\/\/plangry.com\/index.php\/produkt\/pokemon-tcg-2026-pokemon-day-collection\/\" \/>\n<meta property=\"og:locale\" content=\"pl_PL\" \/>\n<meta property=\"og:type\" content=\"article\" \/>\n<meta property=\"og:title\" content=\"POK\u00c9MON TCG: 2026 POK\u00c9MON DAY COLLECTION &#187; %\" \/>\n<meta property=\"og:description\" content=\"Zestaw POK\u00c9MON TCG: 2026 POK\u00c9MON DAY COLLECTION Zestaw POK\u00c9MON TCG: 2026 POK\u00c9MON DAY COLLECTION to idealny wyb\u00f3r dla ka\u017cdego fana i kolekcjonera kart Pok\u00e9mon. Ten wyj\u0105tkowy zestaw \u0142\u0105czy w sobie elementy kolekcjonerskie i rozrywkowe, oferuj\u0105c wszystko, czego potrzebujesz, aby rozpocz\u0105\u0107 lub poszerzy\u0107 swoj\u0105 kolekcj\u0119. Zestaw zawiera boostery, kt\u00f3re pozwalaj\u0105 na odkrywanie nowych kart i rozwijanie [&hellip;]\" \/>\n<meta property=\"og:url\" content=\"https:\/\/plangry.com\/index.php\/produkt\/pokemon-tcg-2026-pokemon-day-collection\/\" \/>\n<meta property=\"article:publisher\" content=\"https:\/\/www.facebook.com\/profile.php?id=100092112963704\" \/>\n<meta property=\"og:image\" content=\"https:\/\/upload.cdn.baselinker.com\/products\/5070313\/63c02f33e8d0ba44fedb1e2c55f68f8a.jpg\" \/>\n<meta name=\"twitter:card\" content=\"summary_large_image\" \/>\n<meta name=\"twitter:site\" content=\"@plan_gry\" \/>\n<meta name=\"twitter:label1\" content=\"Szacowany czas czytania\" \/>\n\t<meta name=\"twitter:data1\" content=\"1 minuta\" \/>\n<script type=\"application\/ld+json\" class=\"yoast-schema-graph\">{\"@context\":\"https:\/\/schema.org\",\"@graph\":[{\"@type\":\"WebPage\",\"@id\":\"https:\/\/plangry.com\/index.php\/produkt\/pokemon-tcg-2026-pokemon-day-collection\/\",\"url\":\"https:\/\/plangry.com\/index.php\/produkt\/pokemon-tcg-2026-pokemon-day-collection\/\",\"name\":\"POK\u00c9MON TCG: 2026 POK\u00c9MON DAY COLLECTION &#187; %\",\"isPartOf\":{\"@id\":\"https:\/\/plangry.com\/#website\"},\"primaryImageOfPage\":{\"@id\":\"https:\/\/plangry.com\/index.php\/produkt\/pokemon-tcg-2026-pokemon-day-collection\/#primaryimage\"},\"image\":{\"@id\":\"https:\/\/plangry.com\/index.php\/produkt\/pokemon-tcg-2026-pokemon-day-collection\/#primaryimage\"},\"thumbnailUrl\":\"https:\/\/plangry.com\/wp-content\/uploads\/2026\/03\/63c02f33e8d0ba44fedb1e2c55f68f8a.jpg\",\"datePublished\":\"2026-03-22T12:08:57+00:00\",\"breadcrumb\":{\"@id\":\"https:\/\/plangry.com\/index.php\/produkt\/pokemon-tcg-2026-pokemon-day-collection\/#breadcrumb\"},\"inLanguage\":\"pl-PL\",\"potentialAction\":[{\"@type\":\"ReadAction\",\"target\":[\"https:\/\/plangry.com\/index.php\/produkt\/pokemon-tcg-2026-pokemon-day-collection\/\"]}]},{\"@type\":\"ImageObject\",\"inLanguage\":\"pl-PL\",\"@id\":\"https:\/\/plangry.com\/index.php\/produkt\/pokemon-tcg-2026-pokemon-day-collection\/#primaryimage\",\"url\":\"https:\/\/plangry.com\/wp-content\/uploads\/2026\/03\/63c02f33e8d0ba44fedb1e2c55f68f8a.jpg\",\"contentUrl\":\"https:\/\/plangry.com\/wp-content\/uploads\/2026\/03\/63c02f33e8d0ba44fedb1e2c55f68f8a.jpg\",\"width\":970,\"height\":974,\"caption\":\"58377f014f61c0c9094c85d1d9f2bb69\"},{\"@type\":\"BreadcrumbList\",\"@id\":\"https:\/\/plangry.com\/index.php\/produkt\/pokemon-tcg-2026-pokemon-day-collection\/#breadcrumb\",\"itemListElement\":[{\"@type\":\"ListItem\",\"position\":1,\"name\":\"Strona g\u0142\u00f3wna\",\"item\":\"https:\/\/plangry.com\/\"},{\"@type\":\"ListItem\",\"position\":2,\"name\":\"Sklep\",\"item\":\"https:\/\/plangry.com\/index.php\/sklep\/\"},{\"@type\":\"ListItem\",\"position\":3,\"name\":\"POK\u00c9MON TCG: 2026 POK\u00c9MON DAY COLLECTION\"}]},{\"@type\":\"WebSite\",\"@id\":\"https:\/\/plangry.com\/#website\",\"url\":\"https:\/\/plangry.com\/\",\"name\":\"Plan Gry\",\"description\":\"\",\"publisher\":{\"@id\":\"https:\/\/plangry.com\/#organization\"},\"alternateName\":\"Plan Gry\",\"potentialAction\":[{\"@type\":\"SearchAction\",\"target\":{\"@type\":\"EntryPoint\",\"urlTemplate\":\"https:\/\/plangry.com\/?s={search_term_string}\"},\"query-input\":{\"@type\":\"PropertyValueSpecification\",\"valueRequired\":true,\"valueName\":\"search_term_string\"}}],\"inLanguage\":\"pl-PL\"},{\"@type\":\"Organization\",\"@id\":\"https:\/\/plangry.com\/#organization\",\"name\":\"Plan Gry\",\"url\":\"https:\/\/plangry.com\/\",\"logo\":{\"@type\":\"ImageObject\",\"inLanguage\":\"pl-PL\",\"@id\":\"https:\/\/plangry.com\/#\/schema\/logo\/image\/\",\"url\":\"https:\/\/plangry.com\/wp-content\/uploads\/2023\/12\/cropped-White-SIgnature-Art-Studio-Logo-3-1.png\",\"contentUrl\":\"https:\/\/plangry.com\/wp-content\/uploads\/2023\/12\/cropped-White-SIgnature-Art-Studio-Logo-3-1.png\",\"width\":512,\"height\":512,\"caption\":\"Plan Gry\"},\"image\":{\"@id\":\"https:\/\/plangry.com\/#\/schema\/logo\/image\/\"},\"sameAs\":[\"https:\/\/www.facebook.com\/profile.php?id=100092112963704\",\"https:\/\/x.com\/plan_gry\",\"https:\/\/www.instagram.com\/plan_szowe_gry\/?igshid=ZDdkNTZiNTM\",\"https:\/\/www.tiktok.com\/@plan_gry?is_from_webapp=1&sender_device=pc\"]}]}<\/script>\n<!-- \/ Yoast SEO plugin. -->","yoast_head_json":{"title":"POK\u00c9MON TCG: 2026 POK\u00c9MON DAY COLLECTION &#187; %","robots":{"index":"index","follow":"follow","max-snippet":"max-snippet:-1","max-image-preview":"max-image-preview:large","max-video-preview":"max-video-preview:-1"},"canonical":"https:\/\/plangry.com\/index.php\/produkt\/pokemon-tcg-2026-pokemon-day-collection\/","og_locale":"pl_PL","og_type":"article","og_title":"POK\u00c9MON TCG: 2026 POK\u00c9MON DAY COLLECTION &#187; %","og_description":"Zestaw POK\u00c9MON TCG: 2026 POK\u00c9MON DAY COLLECTION Zestaw POK\u00c9MON TCG: 2026 POK\u00c9MON DAY COLLECTION to idealny wyb\u00f3r dla ka\u017cdego fana i kolekcjonera kart Pok\u00e9mon. Ten wyj\u0105tkowy zestaw \u0142\u0105czy w sobie elementy kolekcjonerskie i rozrywkowe, oferuj\u0105c wszystko, czego potrzebujesz, aby rozpocz\u0105\u0107 lub poszerzy\u0107 swoj\u0105 kolekcj\u0119. Zestaw zawiera boostery, kt\u00f3re pozwalaj\u0105 na odkrywanie nowych kart i rozwijanie [&hellip;]","og_url":"https:\/\/plangry.com\/index.php\/produkt\/pokemon-tcg-2026-pokemon-day-collection\/","article_publisher":"https:\/\/www.facebook.com\/profile.php?id=100092112963704","og_image":[{"url":"https:\/\/upload.cdn.baselinker.com\/products\/5070313\/63c02f33e8d0ba44fedb1e2c55f68f8a.jpg","type":"","width":"","height":""}],"twitter_card":"summary_large_image","twitter_site":"@plan_gry","twitter_misc":{"Szacowany czas czytania":"1 minuta"},"schema":{"@context":"https:\/\/schema.org","@graph":[{"@type":"WebPage","@id":"https:\/\/plangry.com\/index.php\/produkt\/pokemon-tcg-2026-pokemon-day-collection\/","url":"https:\/\/plangry.com\/index.php\/produkt\/pokemon-tcg-2026-pokemon-day-collection\/","name":"POK\u00c9MON TCG: 2026 POK\u00c9MON DAY COLLECTION &#187; %","isPartOf":{"@id":"https:\/\/plangry.com\/#website"},"primaryImageOfPage":{"@id":"https:\/\/plangry.com\/index.php\/produkt\/pokemon-tcg-2026-pokemon-day-collection\/#primaryimage"},"image":{"@id":"https:\/\/plangry.com\/index.php\/produkt\/pokemon-tcg-2026-pokemon-day-collection\/#primaryimage"},"thumbnailUrl":"https:\/\/plangry.com\/wp-content\/uploads\/2026\/03\/63c02f33e8d0ba44fedb1e2c55f68f8a.jpg","datePublished":"2026-03-22T12:08:57+00:00","breadcrumb":{"@id":"https:\/\/plangry.com\/index.php\/produkt\/pokemon-tcg-2026-pokemon-day-collection\/#breadcrumb"},"inLanguage":"pl-PL","potentialAction":[{"@type":"ReadAction","target":["https:\/\/plangry.com\/index.php\/produkt\/pokemon-tcg-2026-pokemon-day-collection\/"]}]},{"@type":"ImageObject","inLanguage":"pl-PL","@id":"https:\/\/plangry.com\/index.php\/produkt\/pokemon-tcg-2026-pokemon-day-collection\/#primaryimage","url":"https:\/\/plangry.com\/wp-content\/uploads\/2026\/03\/63c02f33e8d0ba44fedb1e2c55f68f8a.jpg","contentUrl":"https:\/\/plangry.com\/wp-content\/uploads\/2026\/03\/63c02f33e8d0ba44fedb1e2c55f68f8a.jpg","width":970,"height":974,"caption":"58377f014f61c0c9094c85d1d9f2bb69"},{"@type":"BreadcrumbList","@id":"https:\/\/plangry.com\/index.php\/produkt\/pokemon-tcg-2026-pokemon-day-collection\/#breadcrumb","itemListElement":[{"@type":"ListItem","position":1,"name":"Strona g\u0142\u00f3wna","item":"https:\/\/plangry.com\/"},{"@type":"ListItem","position":2,"name":"Sklep","item":"https:\/\/plangry.com\/index.php\/sklep\/"},{"@type":"ListItem","position":3,"name":"POK\u00c9MON TCG: 2026 POK\u00c9MON DAY COLLECTION"}]},{"@type":"WebSite","@id":"https:\/\/plangry.com\/#website","url":"https:\/\/plangry.com\/","name":"Plan Gry","description":"","publisher":{"@id":"https:\/\/plangry.com\/#organization"},"alternateName":"Plan Gry","potentialAction":[{"@type":"SearchAction","target":{"@type":"EntryPoint","urlTemplate":"https:\/\/plangry.com\/?s={search_term_string}"},"query-input":{"@type":"PropertyValueSpecification","valueRequired":true,"valueName":"search_term_string"}}],"inLanguage":"pl-PL"},{"@type":"Organization","@id":"https:\/\/plangry.com\/#organization","name":"Plan Gry","url":"https:\/\/plangry.com\/","logo":{"@type":"ImageObject","inLanguage":"pl-PL","@id":"https:\/\/plangry.com\/#\/schema\/logo\/image\/","url":"https:\/\/plangry.com\/wp-content\/uploads\/2023\/12\/cropped-White-SIgnature-Art-Studio-Logo-3-1.png","contentUrl":"https:\/\/plangry.com\/wp-content\/uploads\/2023\/12\/cropped-White-SIgnature-Art-Studio-Logo-3-1.png","width":512,"height":512,"caption":"Plan Gry"},"image":{"@id":"https:\/\/plangry.com\/#\/schema\/logo\/image\/"},"sameAs":["https:\/\/www.facebook.com\/profile.php?id=100092112963704","https:\/\/x.com\/plan_gry","https:\/\/www.instagram.com\/plan_szowe_gry\/?igshid=ZDdkNTZiNTM","https:\/\/www.tiktok.com\/@plan_gry?is_from_webapp=1&sender_device=pc"]}]}},"uagb_featured_image_src":{"full":["https:\/\/plangry.com\/wp-content\/uploads\/2026\/03\/63c02f33e8d0ba44fedb1e2c55f68f8a.jpg",970,974,false],"thumbnail":["https:\/\/plangry.com\/wp-content\/uploads\/2026\/03\/63c02f33e8d0ba44fedb1e2c55f68f8a-300x300.jpg",300,300,true],"medium":["https:\/\/plangry.com\/wp-content\/uploads\/2026\/03\/63c02f33e8d0ba44fedb1e2c55f68f8a-598x600.jpg",598,600,true],"medium_large":["https:\/\/plangry.com\/wp-content\/uploads\/2026\/03\/63c02f33e8d0ba44fedb1e2c55f68f8a-768x771.jpg",768,771,true],"large":["https:\/\/plangry.com\/wp-content\/uploads\/2026\/03\/63c02f33e8d0ba44fedb1e2c55f68f8a.jpg",970,974,false],"1536x1536":["https:\/\/plangry.com\/wp-content\/uploads\/2026\/03\/63c02f33e8d0ba44fedb1e2c55f68f8a.jpg",970,974,false],"2048x2048":["https:\/\/plangry.com\/wp-content\/uploads\/2026\/03\/63c02f33e8d0ba44fedb1e2c55f68f8a.jpg",970,974,false],"qode_essential_addons_image_size_square":["https:\/\/plangry.com\/wp-content\/uploads\/2026\/03\/63c02f33e8d0ba44fedb1e2c55f68f8a-650x650.jpg",650,650,true],"qode_essential_addons_image_size_landscape":["https:\/\/plangry.com\/wp-content\/uploads\/2026\/03\/63c02f33e8d0ba44fedb1e2c55f68f8a-970x650.jpg",970,650,true],"qode_essential_addons_image_size_portrait":["https:\/\/plangry.com\/wp-content\/uploads\/2026\/03\/63c02f33e8d0ba44fedb1e2c55f68f8a-650x974.jpg",650,974,true],"qode_essential_addons_image_size_huge-square":["https:\/\/plangry.com\/wp-content\/uploads\/2026\/03\/63c02f33e8d0ba44fedb1e2c55f68f8a.jpg",970,974,false],"woocommerce_thumbnail":["https:\/\/plangry.com\/wp-content\/uploads\/2026\/03\/63c02f33e8d0ba44fedb1e2c55f68f8a-600x600.jpg",600,600,true],"woocommerce_single":["https:\/\/plangry.com\/wp-content\/uploads\/2026\/03\/63c02f33e8d0ba44fedb1e2c55f68f8a-600x602.jpg",600,602,true],"woocommerce_gallery_thumbnail":["https:\/\/plangry.com\/wp-content\/uploads\/2026\/03\/63c02f33e8d0ba44fedb1e2c55f68f8a-100x100.jpg",100,100,true]},"uagb_author_info":{"display_name":"admin","author_link":"https:\/\/plangry.com\/index.php\/author\/"},"uagb_comment_info":0,"uagb_excerpt":"Zestaw POK\u00c9MON TCG: 2026 POK\u00c9MON DAY COLLECTION Zestaw POK\u00c9MON TCG: 2026 POK\u00c9MON DAY COLLECTION to idealny wyb\u00f3r dla ka\u017cdego fana i kolekcjonera kart Pok\u00e9mon. Ten wyj\u0105tkowy zestaw \u0142\u0105czy w sobie elementy kolekcjonerskie i rozrywkowe, oferuj\u0105c wszystko, czego potrzebujesz, aby rozpocz\u0105\u0107 lub poszerzy\u0107 swoj\u0105 kolekcj\u0119. Zestaw zawiera boostery, kt\u00f3re pozwalaj\u0105 na odkrywanie nowych kart i rozwijanie&hellip;","jetpack_sharing_enabled":true,"_links":{"self":[{"href":"https:\/\/plangry.com\/index.php\/wp-json\/wp\/v2\/product\/4810","targetHints":{"allow":["GET"]}}],"collection":[{"href":"https:\/\/plangry.com\/index.php\/wp-json\/wp\/v2\/product"}],"about":[{"href":"https:\/\/plangry.com\/index.php\/wp-json\/wp\/v2\/types\/product"}],"replies":[{"embeddable":true,"href":"https:\/\/plangry.com\/index.php\/wp-json\/wp\/v2\/comments?post=4810"}],"wp:featuredmedia":[{"embeddable":true,"href":"https:\/\/plangry.com\/index.php\/wp-json\/wp\/v2\/media\/4798"}],"wp:attachment":[{"href":"https:\/\/plangry.com\/index.php\/wp-json\/wp\/v2\/media?parent=4810"}],"wp:term":[{"taxonomy":"product_brand","embeddable":true,"href":"https:\/\/plangry.com\/index.php\/wp-json\/wp\/v2\/product_brand?post=4810"},{"taxonomy":"product_cat","embeddable":true,"href":"https:\/\/plangry.com\/index.php\/wp-json\/wp\/v2\/product_cat?post=4810"},{"taxonomy":"product_tag","embeddable":true,"href":"https:\/\/plangry.com\/index.php\/wp-json\/wp\/v2\/product_tag?post=4810"}],"curies":[{"name":"wp","href":"https:\/\/api.w.org\/{rel}","templated":true}]}}