{"id":4832,"date":"2026-03-22T13:32:51","date_gmt":"2026-03-22T12:32:51","guid":{"rendered":"https:\/\/plangry.com\/index.php\/produkt\/pokemon-tcg-mega-evolution-ascended-heroes-mini-tin-bundle\/"},"modified":"2026-04-15T14:57:53","modified_gmt":"2026-04-15T12:57:53","slug":"pokemon-tcg-mega-evolution-ascended-heroes-mini-tin-bundle","status":"publish","type":"product","link":"https:\/\/plangry.com\/index.php\/produkt\/pokemon-tcg-mega-evolution-ascended-heroes-mini-tin-bundle\/","title":{"rendered":"Pok\u00e9mon TCG Mega Evolution Ascended Heroes Mini Tin Bundle"},"content":{"rendered":"<section class=\"section\">\n<div class=\"item item-6\">\n<section class=\"image-item\"><img decoding=\"async\" src=\"https:\/\/upload.cdn.baselinker.com\/products\/5070313\/d1d8ba9c0a15a81f7ffe18a75719ef26.jpg\" \/><\/section>\n<\/p><\/div>\n<div class=\"item item-6\">\n<section class=\"text-item\">\n<p>Dodaj wi\u0119cej kart do swojej kolekcji Pok\u00e9mon TCG i zgarnij wyj\u0105tkow\u0105 kolekcjonersk\u0105 pami\u0105tk\u0119 z ka\u017cdym uroczym Mini Tinem. W sumie dost\u0119pnych jest pi\u0119\u0107 wzor\u00f3w, a ka\u017cdy z nich ozdobiony jest grafik\u0105, kt\u00f3r\u0105 mo\u017cna po\u0142\u0105czy\u0107 w jeden du\u017cy obraz. Wybierz sw\u00f3j ulubiony wz\u00f3r puszki albo zbierz wszystkie pi\u0119\u0107 &#8211; bez wzgl\u0119du na decyzj\u0119, te Mini Tiny pozwol\u0105 Ci przechowywa\u0107 ulubione Pok\u00e9mony wygodnie i pod r\u0119k\u0105.<\/p>\n<p>Ka\u017cda puszka&nbsp;<b>Pok\u00e9mon TCG: Mega Evolution &#8211; Ascended Heroes &#8211; Mini Tin<\/b> sk\u0142ada si\u0119 z 2 booster\u00f3w, 1 arkusza naklejek i kart\u0119 z ilustracj\u0105 z puszki. Puszki wysy\u0142ane s\u0105 losowo<\/p>\n<\/section><\/div>\n<\/section>\n","protected":false},"excerpt":{"rendered":"<p>Dodaj wi\u0119cej kart do swojej kolekcji Pok\u00e9mon TCG i zgarnij wyj\u0105tkow\u0105 kolekcjonersk\u0105 pami\u0105tk\u0119 z ka\u017cdym uroczym Mini Tinem. W sumie dost\u0119pnych jest pi\u0119\u0107 wzor\u00f3w, a ka\u017cdy z nich ozdobiony jest grafik\u0105, kt\u00f3r\u0105 mo\u017cna po\u0142\u0105czy\u0107 w jeden du\u017cy obraz. Wybierz sw\u00f3j ulubiony wz\u00f3r puszki albo zbierz wszystkie pi\u0119\u0107 &#8211; bez wzgl\u0119du na decyzj\u0119, te Mini Tiny [&hellip;]<\/p>\n","protected":false},"featured_media":4824,"comment_status":"open","ping_status":"closed","template":"","meta":{"_uag_custom_page_level_css":"","site-sidebar-layout":"default","site-content-layout":"","ast-site-content-layout":"default","site-content-style":"default","site-sidebar-style":"default","ast-global-header-display":"","ast-banner-title-visibility":"","ast-main-header-display":"","ast-hfb-above-header-display":"","ast-hfb-below-header-display":"","ast-hfb-mobile-header-display":"","site-post-title":"","ast-breadcrumbs-content":"","ast-featured-img":"","footer-sml-layout":"","ast-disable-related-posts":"","theme-transparent-header-meta":"","adv-header-id-meta":"","stick-header-meta":"","header-above-stick-meta":"","header-main-stick-meta":"","header-below-stick-meta":"","astra-migrate-meta-layouts":"default","ast-page-background-enabled":"default","ast-page-background-meta":{"desktop":{"background-color":"","background-image":"","background-repeat":"repeat","background-position":"center center","background-size":"auto","background-attachment":"scroll","background-type":"","background-media":"","overlay-type":"","overlay-color":"","overlay-opacity":"","overlay-gradient":""},"tablet":{"background-color":"","background-image":"","background-repeat":"repeat","background-position":"center center","background-size":"auto","background-attachment":"scroll","background-type":"","background-media":"","overlay-type":"","overlay-color":"","overlay-opacity":"","overlay-gradient":""},"mobile":{"background-color":"","background-image":"","background-repeat":"repeat","background-position":"center center","background-size":"auto","background-attachment":"scroll","background-type":"","background-media":"","overlay-type":"","overlay-color":"","overlay-opacity":"","overlay-gradient":""}},"ast-content-background-meta":{"desktop":{"background-color":"var(--ast-global-color-5)","background-image":"","background-repeat":"repeat","background-position":"center center","background-size":"auto","background-attachment":"scroll","background-type":"","background-media":"","overlay-type":"","overlay-color":"","overlay-opacity":"","overlay-gradient":""},"tablet":{"background-color":"var(--ast-global-color-5)","background-image":"","background-repeat":"repeat","background-position":"center center","background-size":"auto","background-attachment":"scroll","background-type":"","background-media":"","overlay-type":"","overlay-color":"","overlay-opacity":"","overlay-gradient":""},"mobile":{"background-color":"var(--ast-global-color-5)","background-image":"","background-repeat":"repeat","background-position":"center center","background-size":"auto","background-attachment":"scroll","background-type":"","background-media":"","overlay-type":"","overlay-color":"","overlay-opacity":"","overlay-gradient":""}}},"product_brand":[],"product_cat":[19],"product_tag":[],"class_list":{"0":"post-4832","1":"product","2":"type-product","3":"status-publish","4":"has-post-thumbnail","6":"product_cat-pokemon-tcg","7":"desktop-align-center","8":"tablet-align-left","9":"mobile-align-left","11":"first","12":"outofstock","13":"taxable","14":"shipping-taxable","15":"purchasable","16":"product-type-simple"},"yoast_head":"<!-- This site is optimized with the Yoast SEO plugin v27.2 - https:\/\/yoast.com\/product\/yoast-seo-wordpress\/ -->\n<title>Pok\u00e9mon TCG Mega Evolution Ascended Heroes Mini Tin Bundle &#187; %<\/title>\n<meta name=\"robots\" content=\"index, follow, max-snippet:-1, max-image-preview:large, max-video-preview:-1\" \/>\n<link rel=\"canonical\" href=\"https:\/\/plangry.com\/index.php\/produkt\/pokemon-tcg-mega-evolution-ascended-heroes-mini-tin-bundle\/\" \/>\n<meta property=\"og:locale\" content=\"pl_PL\" \/>\n<meta property=\"og:type\" content=\"article\" \/>\n<meta property=\"og:title\" content=\"Pok\u00e9mon TCG Mega Evolution Ascended Heroes Mini Tin Bundle &#187; %\" \/>\n<meta property=\"og:description\" content=\"Dodaj wi\u0119cej kart do swojej kolekcji Pok\u00e9mon TCG i zgarnij wyj\u0105tkow\u0105 kolekcjonersk\u0105 pami\u0105tk\u0119 z ka\u017cdym uroczym Mini Tinem. W sumie dost\u0119pnych jest pi\u0119\u0107 wzor\u00f3w, a ka\u017cdy z nich ozdobiony jest grafik\u0105, kt\u00f3r\u0105 mo\u017cna po\u0142\u0105czy\u0107 w jeden du\u017cy obraz. Wybierz sw\u00f3j ulubiony wz\u00f3r puszki albo zbierz wszystkie pi\u0119\u0107 &#8211; bez wzgl\u0119du na decyzj\u0119, te Mini Tiny [&hellip;]\" \/>\n<meta property=\"og:url\" content=\"https:\/\/plangry.com\/index.php\/produkt\/pokemon-tcg-mega-evolution-ascended-heroes-mini-tin-bundle\/\" \/>\n<meta property=\"article:publisher\" content=\"https:\/\/www.facebook.com\/profile.php?id=100092112963704\" \/>\n<meta property=\"article:modified_time\" content=\"2026-04-15T12:57:53+00:00\" \/>\n<meta property=\"og:image\" content=\"https:\/\/upload.cdn.baselinker.com\/products\/5070313\/d1d8ba9c0a15a81f7ffe18a75719ef26.jpg\" \/>\n<meta name=\"twitter:card\" content=\"summary_large_image\" \/>\n<meta name=\"twitter:site\" content=\"@plan_gry\" \/>\n<meta name=\"twitter:label1\" content=\"Szacowany czas czytania\" \/>\n\t<meta name=\"twitter:data1\" content=\"1 minuta\" \/>\n<script type=\"application\/ld+json\" class=\"yoast-schema-graph\">{\"@context\":\"https:\/\/schema.org\",\"@graph\":[{\"@type\":\"WebPage\",\"@id\":\"https:\/\/plangry.com\/index.php\/produkt\/pokemon-tcg-mega-evolution-ascended-heroes-mini-tin-bundle\/\",\"url\":\"https:\/\/plangry.com\/index.php\/produkt\/pokemon-tcg-mega-evolution-ascended-heroes-mini-tin-bundle\/\",\"name\":\"Pok\u00e9mon TCG Mega Evolution Ascended Heroes Mini Tin Bundle &#187; %\",\"isPartOf\":{\"@id\":\"https:\/\/plangry.com\/#website\"},\"primaryImageOfPage\":{\"@id\":\"https:\/\/plangry.com\/index.php\/produkt\/pokemon-tcg-mega-evolution-ascended-heroes-mini-tin-bundle\/#primaryimage\"},\"image\":{\"@id\":\"https:\/\/plangry.com\/index.php\/produkt\/pokemon-tcg-mega-evolution-ascended-heroes-mini-tin-bundle\/#primaryimage\"},\"thumbnailUrl\":\"https:\/\/plangry.com\/wp-content\/uploads\/2026\/03\/d1d8ba9c0a15a81f7ffe18a75719ef26-3.jpg\",\"datePublished\":\"2026-03-22T12:32:51+00:00\",\"dateModified\":\"2026-04-15T12:57:53+00:00\",\"breadcrumb\":{\"@id\":\"https:\/\/plangry.com\/index.php\/produkt\/pokemon-tcg-mega-evolution-ascended-heroes-mini-tin-bundle\/#breadcrumb\"},\"inLanguage\":\"pl-PL\",\"potentialAction\":[{\"@type\":\"ReadAction\",\"target\":[\"https:\/\/plangry.com\/index.php\/produkt\/pokemon-tcg-mega-evolution-ascended-heroes-mini-tin-bundle\/\"]}]},{\"@type\":\"ImageObject\",\"inLanguage\":\"pl-PL\",\"@id\":\"https:\/\/plangry.com\/index.php\/produkt\/pokemon-tcg-mega-evolution-ascended-heroes-mini-tin-bundle\/#primaryimage\",\"url\":\"https:\/\/plangry.com\/wp-content\/uploads\/2026\/03\/d1d8ba9c0a15a81f7ffe18a75719ef26-3.jpg\",\"contentUrl\":\"https:\/\/plangry.com\/wp-content\/uploads\/2026\/03\/d1d8ba9c0a15a81f7ffe18a75719ef26-3.jpg\",\"width\":1000,\"height\":1559,\"caption\":\"38f1d6dfaa7b04b22622338db317291d\"},{\"@type\":\"BreadcrumbList\",\"@id\":\"https:\/\/plangry.com\/index.php\/produkt\/pokemon-tcg-mega-evolution-ascended-heroes-mini-tin-bundle\/#breadcrumb\",\"itemListElement\":[{\"@type\":\"ListItem\",\"position\":1,\"name\":\"Strona g\u0142\u00f3wna\",\"item\":\"https:\/\/plangry.com\/\"},{\"@type\":\"ListItem\",\"position\":2,\"name\":\"Sklep\",\"item\":\"https:\/\/plangry.com\/index.php\/sklep\/\"},{\"@type\":\"ListItem\",\"position\":3,\"name\":\"Pok\u00e9mon TCG Mega Evolution Ascended Heroes Mini Tin Bundle\"}]},{\"@type\":\"WebSite\",\"@id\":\"https:\/\/plangry.com\/#website\",\"url\":\"https:\/\/plangry.com\/\",\"name\":\"Plan Gry\",\"description\":\"\",\"publisher\":{\"@id\":\"https:\/\/plangry.com\/#organization\"},\"alternateName\":\"Plan Gry\",\"potentialAction\":[{\"@type\":\"SearchAction\",\"target\":{\"@type\":\"EntryPoint\",\"urlTemplate\":\"https:\/\/plangry.com\/?s={search_term_string}\"},\"query-input\":{\"@type\":\"PropertyValueSpecification\",\"valueRequired\":true,\"valueName\":\"search_term_string\"}}],\"inLanguage\":\"pl-PL\"},{\"@type\":\"Organization\",\"@id\":\"https:\/\/plangry.com\/#organization\",\"name\":\"Plan Gry\",\"url\":\"https:\/\/plangry.com\/\",\"logo\":{\"@type\":\"ImageObject\",\"inLanguage\":\"pl-PL\",\"@id\":\"https:\/\/plangry.com\/#\/schema\/logo\/image\/\",\"url\":\"https:\/\/plangry.com\/wp-content\/uploads\/2023\/12\/cropped-White-SIgnature-Art-Studio-Logo-3-1.png\",\"contentUrl\":\"https:\/\/plangry.com\/wp-content\/uploads\/2023\/12\/cropped-White-SIgnature-Art-Studio-Logo-3-1.png\",\"width\":512,\"height\":512,\"caption\":\"Plan Gry\"},\"image\":{\"@id\":\"https:\/\/plangry.com\/#\/schema\/logo\/image\/\"},\"sameAs\":[\"https:\/\/www.facebook.com\/profile.php?id=100092112963704\",\"https:\/\/x.com\/plan_gry\",\"https:\/\/www.instagram.com\/plan_szowe_gry\/?igshid=ZDdkNTZiNTM\",\"https:\/\/www.tiktok.com\/@plan_gry?is_from_webapp=1&sender_device=pc\"]}]}<\/script>\n<!-- \/ Yoast SEO plugin. -->","yoast_head_json":{"title":"Pok\u00e9mon TCG Mega Evolution Ascended Heroes Mini Tin Bundle &#187; %","robots":{"index":"index","follow":"follow","max-snippet":"max-snippet:-1","max-image-preview":"max-image-preview:large","max-video-preview":"max-video-preview:-1"},"canonical":"https:\/\/plangry.com\/index.php\/produkt\/pokemon-tcg-mega-evolution-ascended-heroes-mini-tin-bundle\/","og_locale":"pl_PL","og_type":"article","og_title":"Pok\u00e9mon TCG Mega Evolution Ascended Heroes Mini Tin Bundle &#187; %","og_description":"Dodaj wi\u0119cej kart do swojej kolekcji Pok\u00e9mon TCG i zgarnij wyj\u0105tkow\u0105 kolekcjonersk\u0105 pami\u0105tk\u0119 z ka\u017cdym uroczym Mini Tinem. W sumie dost\u0119pnych jest pi\u0119\u0107 wzor\u00f3w, a ka\u017cdy z nich ozdobiony jest grafik\u0105, kt\u00f3r\u0105 mo\u017cna po\u0142\u0105czy\u0107 w jeden du\u017cy obraz. Wybierz sw\u00f3j ulubiony wz\u00f3r puszki albo zbierz wszystkie pi\u0119\u0107 &#8211; bez wzgl\u0119du na decyzj\u0119, te Mini Tiny [&hellip;]","og_url":"https:\/\/plangry.com\/index.php\/produkt\/pokemon-tcg-mega-evolution-ascended-heroes-mini-tin-bundle\/","article_publisher":"https:\/\/www.facebook.com\/profile.php?id=100092112963704","article_modified_time":"2026-04-15T12:57:53+00:00","og_image":[{"url":"https:\/\/upload.cdn.baselinker.com\/products\/5070313\/d1d8ba9c0a15a81f7ffe18a75719ef26.jpg","type":"","width":"","height":""}],"twitter_card":"summary_large_image","twitter_site":"@plan_gry","twitter_misc":{"Szacowany czas czytania":"1 minuta"},"schema":{"@context":"https:\/\/schema.org","@graph":[{"@type":"WebPage","@id":"https:\/\/plangry.com\/index.php\/produkt\/pokemon-tcg-mega-evolution-ascended-heroes-mini-tin-bundle\/","url":"https:\/\/plangry.com\/index.php\/produkt\/pokemon-tcg-mega-evolution-ascended-heroes-mini-tin-bundle\/","name":"Pok\u00e9mon TCG Mega Evolution Ascended Heroes Mini Tin Bundle &#187; %","isPartOf":{"@id":"https:\/\/plangry.com\/#website"},"primaryImageOfPage":{"@id":"https:\/\/plangry.com\/index.php\/produkt\/pokemon-tcg-mega-evolution-ascended-heroes-mini-tin-bundle\/#primaryimage"},"image":{"@id":"https:\/\/plangry.com\/index.php\/produkt\/pokemon-tcg-mega-evolution-ascended-heroes-mini-tin-bundle\/#primaryimage"},"thumbnailUrl":"https:\/\/plangry.com\/wp-content\/uploads\/2026\/03\/d1d8ba9c0a15a81f7ffe18a75719ef26-3.jpg","datePublished":"2026-03-22T12:32:51+00:00","dateModified":"2026-04-15T12:57:53+00:00","breadcrumb":{"@id":"https:\/\/plangry.com\/index.php\/produkt\/pokemon-tcg-mega-evolution-ascended-heroes-mini-tin-bundle\/#breadcrumb"},"inLanguage":"pl-PL","potentialAction":[{"@type":"ReadAction","target":["https:\/\/plangry.com\/index.php\/produkt\/pokemon-tcg-mega-evolution-ascended-heroes-mini-tin-bundle\/"]}]},{"@type":"ImageObject","inLanguage":"pl-PL","@id":"https:\/\/plangry.com\/index.php\/produkt\/pokemon-tcg-mega-evolution-ascended-heroes-mini-tin-bundle\/#primaryimage","url":"https:\/\/plangry.com\/wp-content\/uploads\/2026\/03\/d1d8ba9c0a15a81f7ffe18a75719ef26-3.jpg","contentUrl":"https:\/\/plangry.com\/wp-content\/uploads\/2026\/03\/d1d8ba9c0a15a81f7ffe18a75719ef26-3.jpg","width":1000,"height":1559,"caption":"38f1d6dfaa7b04b22622338db317291d"},{"@type":"BreadcrumbList","@id":"https:\/\/plangry.com\/index.php\/produkt\/pokemon-tcg-mega-evolution-ascended-heroes-mini-tin-bundle\/#breadcrumb","itemListElement":[{"@type":"ListItem","position":1,"name":"Strona g\u0142\u00f3wna","item":"https:\/\/plangry.com\/"},{"@type":"ListItem","position":2,"name":"Sklep","item":"https:\/\/plangry.com\/index.php\/sklep\/"},{"@type":"ListItem","position":3,"name":"Pok\u00e9mon TCG Mega Evolution Ascended Heroes Mini Tin Bundle"}]},{"@type":"WebSite","@id":"https:\/\/plangry.com\/#website","url":"https:\/\/plangry.com\/","name":"Plan Gry","description":"","publisher":{"@id":"https:\/\/plangry.com\/#organization"},"alternateName":"Plan Gry","potentialAction":[{"@type":"SearchAction","target":{"@type":"EntryPoint","urlTemplate":"https:\/\/plangry.com\/?s={search_term_string}"},"query-input":{"@type":"PropertyValueSpecification","valueRequired":true,"valueName":"search_term_string"}}],"inLanguage":"pl-PL"},{"@type":"Organization","@id":"https:\/\/plangry.com\/#organization","name":"Plan Gry","url":"https:\/\/plangry.com\/","logo":{"@type":"ImageObject","inLanguage":"pl-PL","@id":"https:\/\/plangry.com\/#\/schema\/logo\/image\/","url":"https:\/\/plangry.com\/wp-content\/uploads\/2023\/12\/cropped-White-SIgnature-Art-Studio-Logo-3-1.png","contentUrl":"https:\/\/plangry.com\/wp-content\/uploads\/2023\/12\/cropped-White-SIgnature-Art-Studio-Logo-3-1.png","width":512,"height":512,"caption":"Plan Gry"},"image":{"@id":"https:\/\/plangry.com\/#\/schema\/logo\/image\/"},"sameAs":["https:\/\/www.facebook.com\/profile.php?id=100092112963704","https:\/\/x.com\/plan_gry","https:\/\/www.instagram.com\/plan_szowe_gry\/?igshid=ZDdkNTZiNTM","https:\/\/www.tiktok.com\/@plan_gry?is_from_webapp=1&sender_device=pc"]}]}},"uagb_featured_image_src":{"full":["https:\/\/plangry.com\/wp-content\/uploads\/2026\/03\/d1d8ba9c0a15a81f7ffe18a75719ef26-3.jpg",1000,1559,false],"thumbnail":["https:\/\/plangry.com\/wp-content\/uploads\/2026\/03\/d1d8ba9c0a15a81f7ffe18a75719ef26-3-300x300.jpg",300,300,true],"medium":["https:\/\/plangry.com\/wp-content\/uploads\/2026\/03\/d1d8ba9c0a15a81f7ffe18a75719ef26-3-385x600.jpg",385,600,true],"medium_large":["https:\/\/plangry.com\/wp-content\/uploads\/2026\/03\/d1d8ba9c0a15a81f7ffe18a75719ef26-3-768x1197.jpg",768,1197,true],"large":["https:\/\/plangry.com\/wp-content\/uploads\/2026\/03\/d1d8ba9c0a15a81f7ffe18a75719ef26-3-657x1024.jpg",657,1024,true],"1536x1536":["https:\/\/plangry.com\/wp-content\/uploads\/2026\/03\/d1d8ba9c0a15a81f7ffe18a75719ef26-3-985x1536.jpg",985,1536,true],"2048x2048":["https:\/\/plangry.com\/wp-content\/uploads\/2026\/03\/d1d8ba9c0a15a81f7ffe18a75719ef26-3.jpg",1000,1559,false],"qode_essential_addons_image_size_square":["https:\/\/plangry.com\/wp-content\/uploads\/2026\/03\/d1d8ba9c0a15a81f7ffe18a75719ef26-3-650x650.jpg",650,650,true],"qode_essential_addons_image_size_landscape":["https:\/\/plangry.com\/wp-content\/uploads\/2026\/03\/d1d8ba9c0a15a81f7ffe18a75719ef26-3-1000x650.jpg",1000,650,true],"qode_essential_addons_image_size_portrait":["https:\/\/plangry.com\/wp-content\/uploads\/2026\/03\/d1d8ba9c0a15a81f7ffe18a75719ef26-3-650x1300.jpg",650,1300,true],"qode_essential_addons_image_size_huge-square":["https:\/\/plangry.com\/wp-content\/uploads\/2026\/03\/d1d8ba9c0a15a81f7ffe18a75719ef26-3-1000x1300.jpg",1000,1300,true],"woocommerce_thumbnail":["https:\/\/plangry.com\/wp-content\/uploads\/2026\/03\/d1d8ba9c0a15a81f7ffe18a75719ef26-3-600x600.jpg",600,600,true],"woocommerce_single":["https:\/\/plangry.com\/wp-content\/uploads\/2026\/03\/d1d8ba9c0a15a81f7ffe18a75719ef26-3-600x935.jpg",600,935,true],"woocommerce_gallery_thumbnail":["https:\/\/plangry.com\/wp-content\/uploads\/2026\/03\/d1d8ba9c0a15a81f7ffe18a75719ef26-3-100x100.jpg",100,100,true]},"uagb_author_info":{"display_name":"admin","author_link":"https:\/\/plangry.com\/index.php\/author\/"},"uagb_comment_info":0,"uagb_excerpt":"Dodaj wi\u0119cej kart do swojej kolekcji Pok\u00e9mon TCG i zgarnij wyj\u0105tkow\u0105 kolekcjonersk\u0105 pami\u0105tk\u0119 z ka\u017cdym uroczym Mini Tinem. W sumie dost\u0119pnych jest pi\u0119\u0107 wzor\u00f3w, a ka\u017cdy z nich ozdobiony jest grafik\u0105, kt\u00f3r\u0105 mo\u017cna po\u0142\u0105czy\u0107 w jeden du\u017cy obraz. Wybierz sw\u00f3j ulubiony wz\u00f3r puszki albo zbierz wszystkie pi\u0119\u0107 &#8211; bez wzgl\u0119du na decyzj\u0119, te Mini Tiny&hellip;","jetpack_sharing_enabled":true,"_links":{"self":[{"href":"https:\/\/plangry.com\/index.php\/wp-json\/wp\/v2\/product\/4832","targetHints":{"allow":["GET"]}}],"collection":[{"href":"https:\/\/plangry.com\/index.php\/wp-json\/wp\/v2\/product"}],"about":[{"href":"https:\/\/plangry.com\/index.php\/wp-json\/wp\/v2\/types\/product"}],"replies":[{"embeddable":true,"href":"https:\/\/plangry.com\/index.php\/wp-json\/wp\/v2\/comments?post=4832"}],"wp:featuredmedia":[{"embeddable":true,"href":"https:\/\/plangry.com\/index.php\/wp-json\/wp\/v2\/media\/4824"}],"wp:attachment":[{"href":"https:\/\/plangry.com\/index.php\/wp-json\/wp\/v2\/media?parent=4832"}],"wp:term":[{"taxonomy":"product_brand","embeddable":true,"href":"https:\/\/plangry.com\/index.php\/wp-json\/wp\/v2\/product_brand?post=4832"},{"taxonomy":"product_cat","embeddable":true,"href":"https:\/\/plangry.com\/index.php\/wp-json\/wp\/v2\/product_cat?post=4832"},{"taxonomy":"product_tag","embeddable":true,"href":"https:\/\/plangry.com\/index.php\/wp-json\/wp\/v2\/product_tag?post=4832"}],"curies":[{"name":"wp","href":"https:\/\/api.w.org\/{rel}","templated":true}]}}